{"id":16960,"date":"2024-11-03T22:38:06","date_gmt":"2024-11-03T22:38:06","guid":{"rendered":"https:\/\/ryanhomepro.com\/?post_type=product&#038;p=16960"},"modified":"2024-11-03T22:38:08","modified_gmt":"2024-11-03T22:38:08","slug":"fast-brewing-coffee-machine-k-cup-pod-tea-instant-homeuse-camping-outdoor-portable-single-cup-coffee-brewer","status":"publish","type":"product","link":"https:\/\/ryanhomepro.com\/tr\/urun\/fast-brewing-coffee-machine-k-cup-pod-tea-instant-homeuse-camping-outdoor-portable-single-cup-coffee-brewer\/","title":{"rendered":"H\u0131zl\u0131 Demleme Kahve Makinesi K Cup Pod &amp; \u00c7ay An\u0131nda Ev Kullan\u0131m\u0131 Kamp A\u00e7\u0131k Ta\u015f\u0131nabilir Tek Fincan Kahve Brewer"},"content":{"rendered":"<ul class=\"mm-editor-clipboard\" data-type=\"outline\" data-json=\"%7B%22type%22%3A%22nodes%22%2C%22data%22%3A%5B%7B%22id%22%3A%22iJnUYtepDz%22%2C%22modified%22%3A1729600020420%2C%22text%22%3A%22%3Cspan%3ESpecification%3C%2Fspan%3E%22%2C%22children%22%3A%5B%5D%7D%2C%7B%22id%22%3A%2278OIsrN1ig%22%2C%22modified%22%3A1729600052555%2C%22text%22%3A%22%3Cspan%3EMaterial%3A%20ABS%2F304%20Stainless%20steel%3C%2Fspan%3E%22%2C%22children%22%3A%5B%5D%7D%2C%7B%22id%22%3A%22sk7fqeqX51%22%2C%22modified%22%3A1729600061146%2C%22text%22%3A%22%3Cspan%3EFeatures%3A%20Coffee%20Maker%3C%2Fspan%3E%22%2C%22children%22%3A%5B%5D%7D%2C%7B%22id%22%3A%22GWhof8krAv%22%2C%22modified%22%3A1729600066660%2C%22text%22%3A%22%3Cspan%3EProduct%20Size%3A%20L236%20*%20W160%20*H352mm%3C%2Fspan%3E%22%2C%22children%22%3A%5B%5D%7D%2C%7B%22id%22%3A%22CQQHOHCDk8%22%2C%22modified%22%3A1729600071145%2C%22text%22%3A%22%3Cspan%3EPlace%20of%20Origin%3A%20CHINA%3C%2Fspan%3E%22%2C%22children%22%3A%5B%5D%7D%2C%7B%22id%22%3A%22XZXBYzNxuL%22%2C%22modified%22%3A1729600077850%2C%22text%22%3A%22%3Cspan%3EModel%20Number%3A%20KC301%3C%2Fspan%3E%22%2C%22children%22%3A%5B%5D%7D%2C%7B%22id%22%3A%22xtFKAm4bLf%22%2C%22modified%22%3A1729600085290%2C%22text%22%3A%22%3Cspan%3EPower%20(W)%3A%201000w%3C%2Fspan%3E%22%2C%22children%22%3A%5B%5D%7D%2C%7B%22id%22%3A%22JRao5u7Iui%22%2C%22modified%22%3A1729600088441%2C%22text%22%3A%22%3Cspan%3EVoltage%20(V)%3A%20120V%2F220V%3C%2Fspan%3E%22%2C%22children%22%3A%5B%5D%7D%2C%7B%22id%22%3A%225wdFXG9qck%22%2C%22modified%22%3A1729600091210%2C%22text%22%3A%22%3Cspan%3ENet%20weight%3A%201.2kg%3C%2Fspan%3E%22%2C%22children%22%3A%5B%5D%7D%2C%7B%22id%22%3A%22EJBlYbeN3l%22%2C%22modified%22%3A1729600016071%2C%22text%22%3A%22%3Cspan%3EPacking%20and%20Delivery%3C%2Fspan%3E%22%2C%22children%22%3A%5B%5D%7D%2C%7B%22id%22%3A%22SSf1SzIsf3%22%2C%22modified%22%3A1729600099266%2C%22text%22%3A%22%3Cspan%3EColor%20Box(cm)%3A%20L258%20*W168%20*H362mm%3C%2Fspan%3E%22%2C%22children%22%3A%5B%5D%7D%2C%7B%22id%22%3A%22nrjTOyvTCE%22%2C%22modified%22%3A1729600104329%2C%22text%22%3A%22%3Cspan%3EQty%2Fctn%3A%204%20pcs%3C%2Fspan%3E%22%2C%22children%22%3A%5B%5D%7D%2C%7B%22id%22%3A%22w3Da8D7Zx0%22%2C%22modified%22%3A1729600109908%2C%22text%22%3A%22%3Cspan%3ECtn%20Size(cm)%3A%20L530%20*W350%20*H374mm%3C%2Fspan%3E%22%2C%22children%22%3A%5B%5D%7D%2C%7B%22id%22%3A%22q8Du1OpRZa%22%2C%22modified%22%3A1729600113369%2C%22text%22%3A%22%3Cspan%3EG.W.per%20ctn(kgs)%3A%209.2kg%3C%2Fspan%3E%22%2C%22children%22%3A%5B%5D%7D%2C%7B%22id%22%3A%22Zf8YpistX3%22%2C%22modified%22%3A1729600116026%2C%22text%22%3A%22%3Cspan%3EN.W.per%20ctn(kgs)%3A%208kg%3C%2Fspan%3E%22%2C%22children%22%3A%5B%5D%7D%2C%7B%22id%22%3A%227K4I1Iwsuw%22%2C%22modified%22%3A1729600124758%2C%22text%22%3A%22%3Cspan%3EPacking%20in%20containers%3A%2020'GP%3A1440pcs%3B40'GP%3A3170pcs%3B40'HQ%3A3740pcs%3C%2Fspan%3E%22%2C%22children%22%3A%5B%5D%7D%5D%7D\">\n<li><span class=\"content mubu-node\">\u015eartname<\/span><\/li>\n<li><span class=\"content mubu-node\">Malzeme ABS\/304 Paslanmaz \u00e7elik<\/span><\/li>\n<li><span class=\"content mubu-node\">\u00d6zellikler Kahve Makinesi<\/span><\/li>\n<li><span class=\"content mubu-node\">\u00dcr\u00fcn Boyutu: L236 * W160 * H352mm<\/span><\/li>\n<li><span class=\"content mubu-node\">Men\u015fe Yeri: \u00c7\u0130N<\/span><\/li>\n<li><span class=\"content mubu-node\">Model Numaras\u0131: KC301<\/span><\/li>\n<li><span class=\"content mubu-node\">G\u00fc\u00e7 (W): 1000w<\/span><\/li>\n<li><span class=\"content mubu-node\">Gerilim (V): 120V\/220V<\/span><\/li>\n<li><span class=\"content mubu-node\">Net a\u011f\u0131rl\u0131k: 1,2 kg<\/span><\/li>\n<li><span class=\"content mubu-node\">Paketleme ve Teslimat<\/span><\/li>\n<li><span class=\"content mubu-node\">Renk Kutusu (cm): L258 *W168 *H362mm<\/span><\/li>\n<li><span class=\"content mubu-node\">Adet\/ctn: 4 adet<\/span><\/li>\n<li><span class=\"content mubu-node\">Ctn Boyut (cm): L530 *W350 *H374mm<\/span><\/li>\n<li><span class=\"content mubu-node\">Ktn ba\u015f\u0131na a\u011f\u0131rl\u0131k (kg): 9,2 kg<\/span><\/li>\n<li><span class=\"content mubu-node\">Ktn ba\u015f\u0131na N.W.(kg): 8kg<\/span><\/li>\n<li><span class=\"content mubu-node\">Konteynerlerde paketleme: 20'GP: 1440 adet; 40'GP: 3170 adet; 40'HQ: 3740 adet<\/span><\/li>\n<li><img fetchpriority=\"high\" decoding=\"async\" class=\"alignnone wp-image-16962\" src=\"https:\/\/ryanhomepro.com\/wp-content\/uploads\/2024\/11\/2-300x300.jpg\" alt=\"\" width=\"750\" height=\"750\" srcset=\"https:\/\/ryanhomepro.com\/wp-content\/uploads\/2024\/11\/2-300x300.jpg 300w, https:\/\/ryanhomepro.com\/wp-content\/uploads\/2024\/11\/2-150x150.jpg 150w, https:\/\/ryanhomepro.com\/wp-content\/uploads\/2024\/11\/2-768x768.jpg 768w, https:\/\/ryanhomepro.com\/wp-content\/uploads\/2024\/11\/2-12x12.jpg 12w, https:\/\/ryanhomepro.com\/wp-content\/uploads\/2024\/11\/2-430x430.jpg 430w, https:\/\/ryanhomepro.com\/wp-content\/uploads\/2024\/11\/2-700x700.jpg 700w, https:\/\/ryanhomepro.com\/wp-content\/uploads\/2024\/11\/2.jpg 800w\" sizes=\"(max-width: 750px) 100vw, 750px\" \/> <img decoding=\"async\" class=\"alignnone wp-image-16963\" src=\"https:\/\/ryanhomepro.com\/wp-content\/uploads\/2024\/11\/3-300x300.jpg\" alt=\"\" width=\"750\" height=\"750\" srcset=\"https:\/\/ryanhomepro.com\/wp-content\/uploads\/2024\/11\/3-300x300.jpg 300w, https:\/\/ryanhomepro.com\/wp-content\/uploads\/2024\/11\/3-150x150.jpg 150w, https:\/\/ryanhomepro.com\/wp-content\/uploads\/2024\/11\/3-768x768.jpg 768w, https:\/\/ryanhomepro.com\/wp-content\/uploads\/2024\/11\/3-12x12.jpg 12w, https:\/\/ryanhomepro.com\/wp-content\/uploads\/2024\/11\/3-430x430.jpg 430w, https:\/\/ryanhomepro.com\/wp-content\/uploads\/2024\/11\/3-700x700.jpg 700w, https:\/\/ryanhomepro.com\/wp-content\/uploads\/2024\/11\/3.jpg 800w\" sizes=\"(max-width: 750px) 100vw, 750px\" \/> <img decoding=\"async\" class=\"alignnone wp-image-16964\" src=\"https:\/\/ryanhomepro.com\/wp-content\/uploads\/2024\/11\/4-300x300.jpg\" alt=\"\" width=\"750\" height=\"750\" srcset=\"https:\/\/ryanhomepro.com\/wp-content\/uploads\/2024\/11\/4-300x300.jpg 300w, https:\/\/ryanhomepro.com\/wp-content\/uploads\/2024\/11\/4-150x150.jpg 150w, https:\/\/ryanhomepro.com\/wp-content\/uploads\/2024\/11\/4-768x768.jpg 768w, https:\/\/ryanhomepro.com\/wp-content\/uploads\/2024\/11\/4-12x12.jpg 12w, https:\/\/ryanhomepro.com\/wp-content\/uploads\/2024\/11\/4-430x430.jpg 430w, https:\/\/ryanhomepro.com\/wp-content\/uploads\/2024\/11\/4-700x700.jpg 700w, https:\/\/ryanhomepro.com\/wp-content\/uploads\/2024\/11\/4.jpg 800w\" sizes=\"(max-width: 750px) 100vw, 750px\" \/> <img loading=\"lazy\" decoding=\"async\" class=\"alignnone wp-image-16965\" src=\"https:\/\/ryanhomepro.com\/wp-content\/uploads\/2024\/11\/5-300x300.jpg\" alt=\"\" width=\"750\" height=\"750\" srcset=\"https:\/\/ryanhomepro.com\/wp-content\/uploads\/2024\/11\/5-300x300.jpg 300w, https:\/\/ryanhomepro.com\/wp-content\/uploads\/2024\/11\/5-150x150.jpg 150w, https:\/\/ryanhomepro.com\/wp-content\/uploads\/2024\/11\/5-768x768.jpg 768w, https:\/\/ryanhomepro.com\/wp-content\/uploads\/2024\/11\/5-12x12.jpg 12w, https:\/\/ryanhomepro.com\/wp-content\/uploads\/2024\/11\/5-430x430.jpg 430w, https:\/\/ryanhomepro.com\/wp-content\/uploads\/2024\/11\/5-700x700.jpg 700w, https:\/\/ryanhomepro.com\/wp-content\/uploads\/2024\/11\/5.jpg 800w\" sizes=\"(max-width: 750px) 100vw, 750px\" \/> <img loading=\"lazy\" decoding=\"async\" class=\"alignnone wp-image-16966\" src=\"https:\/\/ryanhomepro.com\/wp-content\/uploads\/2024\/11\/6-300x300.jpg\" alt=\"\" width=\"750\" height=\"750\" srcset=\"https:\/\/ryanhomepro.com\/wp-content\/uploads\/2024\/11\/6-300x300.jpg 300w, https:\/\/ryanhomepro.com\/wp-content\/uploads\/2024\/11\/6-150x150.jpg 150w, https:\/\/ryanhomepro.com\/wp-content\/uploads\/2024\/11\/6-768x768.jpg 768w, https:\/\/ryanhomepro.com\/wp-content\/uploads\/2024\/11\/6-12x12.jpg 12w, https:\/\/ryanhomepro.com\/wp-content\/uploads\/2024\/11\/6-430x430.jpg 430w, https:\/\/ryanhomepro.com\/wp-content\/uploads\/2024\/11\/6-700x700.jpg 700w, https:\/\/ryanhomepro.com\/wp-content\/uploads\/2024\/11\/6.jpg 800w\" sizes=\"(max-width: 750px) 100vw, 750px\" \/><\/li>\n<li><\/li>\n<\/ul>\n<p>&nbsp;<\/p>","protected":false},"excerpt":{"rendered":"<div data-v-4bf0ee25=\"\">\n<h4><span style=\"color: #0000ff;\">Teslim S\u00fcresi 7-15 g\u00fcn<\/span><\/h4>\n<\/div>\n<h4><span style=\"color: #0000ff;\">US$ 65,9,9 - 67,8 \/ 1 Adet<\/span><\/h4>\n<h4><span style=\"color: #0000ff;\">1 Adet Minimum sipari\u015f<\/span><\/h4>\n<h4><span style=\"color: #0000ff;\">Miktar FOB Fiyat<\/span><\/h4>\n<h4><span style=\"color: #0000ff;\">1000-2999 Adet US$ 67,8<\/span><\/h4>\n<h4><span style=\"color: #0000ff;\">3000-4999 Adet US$ 67,1<\/span><\/h4>\n<h4><span style=\"color: #0000ff;\">5000-9999 Adet US$ 66,5<\/span><\/h4>\n<h4><span style=\"color: #0000ff;\">\u226510000 Adet US$ 65,9<\/span><\/h4>","protected":false},"featured_media":16961,"comment_status":"open","ping_status":"closed","template":"","meta":[],"product_brand":[],"product_cat":[100,101],"product_tag":[],"class_list":{"0":"post-16960","1":"product","2":"type-product","3":"status-publish","4":"has-post-thumbnail","6":"product_cat-coffee-machine","7":"product_cat-k-cup-coffee-maker","9":"first","10":"instock","11":"shipping-taxable","12":"product-type-simple"},"_links":{"self":[{"href":"https:\/\/ryanhomepro.com\/tr\/wp-json\/wp\/v2\/product\/16960"}],"collection":[{"href":"https:\/\/ryanhomepro.com\/tr\/wp-json\/wp\/v2\/product"}],"about":[{"href":"https:\/\/ryanhomepro.com\/tr\/wp-json\/wp\/v2\/types\/product"}],"replies":[{"embeddable":true,"href":"https:\/\/ryanhomepro.com\/tr\/wp-json\/wp\/v2\/comments?post=16960"}],"version-history":[{"count":1,"href":"https:\/\/ryanhomepro.com\/tr\/wp-json\/wp\/v2\/product\/16960\/revisions"}],"predecessor-version":[{"id":16967,"href":"https:\/\/ryanhomepro.com\/tr\/wp-json\/wp\/v2\/product\/16960\/revisions\/16967"}],"wp:featuredmedia":[{"embeddable":true,"href":"https:\/\/ryanhomepro.com\/tr\/wp-json\/wp\/v2\/media\/16961"}],"wp:attachment":[{"href":"https:\/\/ryanhomepro.com\/tr\/wp-json\/wp\/v2\/media?parent=16960"}],"wp:term":[{"taxonomy":"product_brand","embeddable":true,"href":"https:\/\/ryanhomepro.com\/tr\/wp-json\/wp\/v2\/product_brand?post=16960"},{"taxonomy":"product_cat","embeddable":true,"href":"https:\/\/ryanhomepro.com\/tr\/wp-json\/wp\/v2\/product_cat?post=16960"},{"taxonomy":"product_tag","embeddable":true,"href":"https:\/\/ryanhomepro.com\/tr\/wp-json\/wp\/v2\/product_tag?post=16960"}],"curies":[{"name":"wp","href":"https:\/\/api.w.org\/{rel}","templated":true}]}}