{"id":1506,"date":"2024-08-26T07:29:14","date_gmt":"2024-08-26T07:29:14","guid":{"rendered":"https:\/\/ryanhomepro.com\/?post_type=product&#038;p=1506"},"modified":"2024-11-05T16:05:05","modified_gmt":"2024-11-05T16:05:05","slug":"wholesale-price-food-processorstainless-steel-china-commercial-cake-cream-mixer-machine-stand-food-mixer","status":"publish","type":"product","link":"https:\/\/ryanhomepro.com\/tr\/urun\/wholesale-price-food-processorstainless-steel-china-commercial-cake-cream-mixer-machine-stand-food-mixer\/","title":{"rendered":"Toptan Fiyat G\u0131da \u0130\u015flemci, Paslanmaz \u00c7elik \u00c7in Ticari Kek Krema Kar\u0131\u015ft\u0131r\u0131c\u0131 Makinesi Stand G\u0131da Kar\u0131\u015ft\u0131r\u0131c\u0131"},"content":{"rendered":"<h2>Neden Ekmek Yapma Makinesi Se\u00e7melisiniz?<\/h2>\n<p>Evinizde taze pi\u015fmi\u015f ekmek kokusunun yay\u0131lmas\u0131n\u0131 seviyorsan\u0131z, bir ekmek yapma makinesi mutfa\u011f\u0131n\u0131za harika bir katk\u0131 sa\u011flayacakt\u0131r! Bu \u00e7ok y\u00f6nl\u00fc makineler, minimum \u00e7abayla ev yap\u0131m\u0131 ekme\u011fin tad\u0131n\u0131 \u00e7\u0131karman\u0131z\u0131 sa\u011flar. Art\u0131k yo\u011furmak veya do\u011fru s\u0131cakl\u0131\u011f\u0131 tahmin etmek yok; sadece malzemelerinizi ekleyin ve sihrin ger\u00e7ekle\u015fmesine izin verin.<\/p>\n<h2>Pi\u015firmeyi Kolayla\u015ft\u0131ran \u00d6zellikler<\/h2>\n<p>Modern ekmek makineleri programlanabilir ayarlar, \u00e7oklu kabuk se\u00e7enekleri ve hatta gl\u00fctensiz programlar gibi \u00f6zelliklerle birlikte gelir. \u0130ster klasik beyaz ekme\u011fi ister tam tah\u0131ll\u0131 ekme\u011fi tercih edin, herkes i\u00e7in bir ayar vard\u0131r. Damak tad\u0131n\u0131za uygun lezzetli somunlar yaratman\u0131n keyfini \u00e7\u0131kar\u0131n.<\/p>\n<h2>Herkes i\u00e7in M\u00fckemmel!<\/h2>\n<p>\u0130ster acemi bir f\u0131r\u0131nc\u0131 ister deneyimli bir profesyonel olun, ekmek yapma makineleri pi\u015firme oyununuzu geli\u015ftirebilir. En sevdi\u011finiz ekmek t\u00fcrlerinin tad\u0131n\u0131 \u00e7\u0131karmak i\u00e7in kolay ve kar\u0131\u015f\u0131kl\u0131k yaratmayan bir yol sunarlar. Evde pi\u015firme keyfini kucaklay\u0131n ve tam istedi\u011finiz gibi yap\u0131lm\u0131\u015f s\u0131cak, lezzetli ekmekle kendinizi \u015f\u0131mart\u0131n!<\/p>\n<h2><img fetchpriority=\"high\" decoding=\"async\" class=\"alignnone wp-image-17060\" src=\"https:\/\/ryanhomepro.com\/wp-content\/uploads\/2024\/08\/\u4e3b\u56fe_1-4-300x300.jpg\" alt=\"\" width=\"750\" height=\"750\" srcset=\"https:\/\/ryanhomepro.com\/wp-content\/uploads\/2024\/08\/\u4e3b\u56fe_1-4-300x300.jpg 300w, https:\/\/ryanhomepro.com\/wp-content\/uploads\/2024\/08\/\u4e3b\u56fe_1-4-150x150.jpg 150w, https:\/\/ryanhomepro.com\/wp-content\/uploads\/2024\/08\/\u4e3b\u56fe_1-4-768x768.jpg 768w, https:\/\/ryanhomepro.com\/wp-content\/uploads\/2024\/08\/\u4e3b\u56fe_1-4-12x12.jpg 12w, https:\/\/ryanhomepro.com\/wp-content\/uploads\/2024\/08\/\u4e3b\u56fe_1-4-430x430.jpg 430w, https:\/\/ryanhomepro.com\/wp-content\/uploads\/2024\/08\/\u4e3b\u56fe_1-4-700x700.jpg 700w, https:\/\/ryanhomepro.com\/wp-content\/uploads\/2024\/08\/\u4e3b\u56fe_1-4.jpg 800w\" sizes=\"(max-width: 750px) 100vw, 750px\" \/> <img decoding=\"async\" class=\"alignnone wp-image-17062\" src=\"https:\/\/ryanhomepro.com\/wp-content\/uploads\/2024\/08\/\u4e3b\u56fe_2-4-300x300.jpg\" alt=\"\" width=\"750\" height=\"750\" srcset=\"https:\/\/ryanhomepro.com\/wp-content\/uploads\/2024\/08\/\u4e3b\u56fe_2-4-300x300.jpg 300w, https:\/\/ryanhomepro.com\/wp-content\/uploads\/2024\/08\/\u4e3b\u56fe_2-4-150x150.jpg 150w, https:\/\/ryanhomepro.com\/wp-content\/uploads\/2024\/08\/\u4e3b\u56fe_2-4-768x768.jpg 768w, https:\/\/ryanhomepro.com\/wp-content\/uploads\/2024\/08\/\u4e3b\u56fe_2-4-12x12.jpg 12w, https:\/\/ryanhomepro.com\/wp-content\/uploads\/2024\/08\/\u4e3b\u56fe_2-4-430x430.jpg 430w, https:\/\/ryanhomepro.com\/wp-content\/uploads\/2024\/08\/\u4e3b\u56fe_2-4-700x700.jpg 700w, https:\/\/ryanhomepro.com\/wp-content\/uploads\/2024\/08\/\u4e3b\u56fe_2-4.jpg 800w\" sizes=\"(max-width: 750px) 100vw, 750px\" \/> <img decoding=\"async\" class=\"alignnone wp-image-17063\" src=\"https:\/\/ryanhomepro.com\/wp-content\/uploads\/2024\/08\/\u4e3b\u56fe_3-4-300x300.jpg\" alt=\"\" width=\"750\" height=\"750\" srcset=\"https:\/\/ryanhomepro.com\/wp-content\/uploads\/2024\/08\/\u4e3b\u56fe_3-4-300x300.jpg 300w, https:\/\/ryanhomepro.com\/wp-content\/uploads\/2024\/08\/\u4e3b\u56fe_3-4-150x150.jpg 150w, https:\/\/ryanhomepro.com\/wp-content\/uploads\/2024\/08\/\u4e3b\u56fe_3-4-768x768.jpg 768w, https:\/\/ryanhomepro.com\/wp-content\/uploads\/2024\/08\/\u4e3b\u56fe_3-4-12x12.jpg 12w, https:\/\/ryanhomepro.com\/wp-content\/uploads\/2024\/08\/\u4e3b\u56fe_3-4-430x430.jpg 430w, https:\/\/ryanhomepro.com\/wp-content\/uploads\/2024\/08\/\u4e3b\u56fe_3-4-700x700.jpg 700w, https:\/\/ryanhomepro.com\/wp-content\/uploads\/2024\/08\/\u4e3b\u56fe_3-4.jpg 800w\" sizes=\"(max-width: 750px) 100vw, 750px\" \/> <img loading=\"lazy\" decoding=\"async\" class=\"alignnone wp-image-17064\" src=\"https:\/\/ryanhomepro.com\/wp-content\/uploads\/2024\/08\/\u4e3b\u56fe_4-4-300x300.jpg\" alt=\"\" width=\"750\" height=\"750\" srcset=\"https:\/\/ryanhomepro.com\/wp-content\/uploads\/2024\/08\/\u4e3b\u56fe_4-4-300x300.jpg 300w, https:\/\/ryanhomepro.com\/wp-content\/uploads\/2024\/08\/\u4e3b\u56fe_4-4-150x150.jpg 150w, https:\/\/ryanhomepro.com\/wp-content\/uploads\/2024\/08\/\u4e3b\u56fe_4-4-768x768.jpg 768w, https:\/\/ryanhomepro.com\/wp-content\/uploads\/2024\/08\/\u4e3b\u56fe_4-4-12x12.jpg 12w, https:\/\/ryanhomepro.com\/wp-content\/uploads\/2024\/08\/\u4e3b\u56fe_4-4-430x430.jpg 430w, https:\/\/ryanhomepro.com\/wp-content\/uploads\/2024\/08\/\u4e3b\u56fe_4-4-700x700.jpg 700w, https:\/\/ryanhomepro.com\/wp-content\/uploads\/2024\/08\/\u4e3b\u56fe_4-4.jpg 800w\" sizes=\"(max-width: 750px) 100vw, 750px\" \/> <img loading=\"lazy\" decoding=\"async\" class=\"alignnone wp-image-17065\" src=\"https:\/\/ryanhomepro.com\/wp-content\/uploads\/2024\/08\/\u4e3b\u56fe_5-4-300x300.jpg\" alt=\"\" width=\"750\" height=\"750\" srcset=\"https:\/\/ryanhomepro.com\/wp-content\/uploads\/2024\/08\/\u4e3b\u56fe_5-4-300x300.jpg 300w, https:\/\/ryanhomepro.com\/wp-content\/uploads\/2024\/08\/\u4e3b\u56fe_5-4-150x150.jpg 150w, https:\/\/ryanhomepro.com\/wp-content\/uploads\/2024\/08\/\u4e3b\u56fe_5-4-768x768.jpg 768w, https:\/\/ryanhomepro.com\/wp-content\/uploads\/2024\/08\/\u4e3b\u56fe_5-4-12x12.jpg 12w, https:\/\/ryanhomepro.com\/wp-content\/uploads\/2024\/08\/\u4e3b\u56fe_5-4-430x430.jpg 430w, https:\/\/ryanhomepro.com\/wp-content\/uploads\/2024\/08\/\u4e3b\u56fe_5-4-700x700.jpg 700w, https:\/\/ryanhomepro.com\/wp-content\/uploads\/2024\/08\/\u4e3b\u56fe_5-4.jpg 800w\" sizes=\"(max-width: 750px) 100vw, 750px\" \/> <img loading=\"lazy\" decoding=\"async\" class=\"alignnone wp-image-17066\" src=\"https:\/\/ryanhomepro.com\/wp-content\/uploads\/2024\/08\/\u4e3b\u56fe_6-3-300x300.jpg\" alt=\"\" width=\"750\" height=\"750\" srcset=\"https:\/\/ryanhomepro.com\/wp-content\/uploads\/2024\/08\/\u4e3b\u56fe_6-3-300x300.jpg 300w, https:\/\/ryanhomepro.com\/wp-content\/uploads\/2024\/08\/\u4e3b\u56fe_6-3-150x150.jpg 150w, https:\/\/ryanhomepro.com\/wp-content\/uploads\/2024\/08\/\u4e3b\u56fe_6-3-768x768.jpg 768w, https:\/\/ryanhomepro.com\/wp-content\/uploads\/2024\/08\/\u4e3b\u56fe_6-3-12x12.jpg 12w, https:\/\/ryanhomepro.com\/wp-content\/uploads\/2024\/08\/\u4e3b\u56fe_6-3-430x430.jpg 430w, https:\/\/ryanhomepro.com\/wp-content\/uploads\/2024\/08\/\u4e3b\u56fe_6-3-700x700.jpg 700w, https:\/\/ryanhomepro.com\/wp-content\/uploads\/2024\/08\/\u4e3b\u56fe_6-3.jpg 800w\" sizes=\"(max-width: 750px) 100vw, 750px\" \/><\/h2>","protected":false},"excerpt":{"rendered":"<div data-v-4bf0ee25=\"\">\n<h4>Teslim S\u00fcresi 7-15 g\u00fcn<\/h4>\n<\/div>\n<h4>US$ 65,9,9 - 67,8 \/ 1 Adet<\/h4>\n<h4>1 Adet Minimum sipari\u015f<\/h4>\n<h4>Miktar FOB Fiyat<\/h4>\n<h4>1000-2999 Adet US$ 67,8<\/h4>\n<h4>3000-4999 Adet US$ 67,1<\/h4>\n<h4>5000-9999 Adet US$ 66,5<\/h4>\n<h4>\u226510000 Adet US$ 65,9<\/h4>","protected":false},"featured_media":17060,"comment_status":"open","ping_status":"closed","template":"","meta":[],"product_brand":[],"product_cat":[122,118],"product_tag":[],"class_list":{"0":"post-1506","1":"product","2":"type-product","3":"status-publish","4":"has-post-thumbnail","6":"product_cat-compact-plastic-stand-mixer-4-5l-5l","7":"product_cat-stand-mixer","9":"first","10":"instock","11":"shipping-taxable","12":"product-type-simple"},"_links":{"self":[{"href":"https:\/\/ryanhomepro.com\/tr\/wp-json\/wp\/v2\/product\/1506"}],"collection":[{"href":"https:\/\/ryanhomepro.com\/tr\/wp-json\/wp\/v2\/product"}],"about":[{"href":"https:\/\/ryanhomepro.com\/tr\/wp-json\/wp\/v2\/types\/product"}],"replies":[{"embeddable":true,"href":"https:\/\/ryanhomepro.com\/tr\/wp-json\/wp\/v2\/comments?post=1506"}],"version-history":[{"count":3,"href":"https:\/\/ryanhomepro.com\/tr\/wp-json\/wp\/v2\/product\/1506\/revisions"}],"predecessor-version":[{"id":17067,"href":"https:\/\/ryanhomepro.com\/tr\/wp-json\/wp\/v2\/product\/1506\/revisions\/17067"}],"wp:featuredmedia":[{"embeddable":true,"href":"https:\/\/ryanhomepro.com\/tr\/wp-json\/wp\/v2\/media\/17060"}],"wp:attachment":[{"href":"https:\/\/ryanhomepro.com\/tr\/wp-json\/wp\/v2\/media?parent=1506"}],"wp:term":[{"taxonomy":"product_brand","embeddable":true,"href":"https:\/\/ryanhomepro.com\/tr\/wp-json\/wp\/v2\/product_brand?post=1506"},{"taxonomy":"product_cat","embeddable":true,"href":"https:\/\/ryanhomepro.com\/tr\/wp-json\/wp\/v2\/product_cat?post=1506"},{"taxonomy":"product_tag","embeddable":true,"href":"https:\/\/ryanhomepro.com\/tr\/wp-json\/wp\/v2\/product_tag?post=1506"}],"curies":[{"name":"wp","href":"https:\/\/api.w.org\/{rel}","templated":true}]}}