{"id":1502,"date":"2024-08-26T07:26:45","date_gmt":"2024-08-26T07:26:45","guid":{"rendered":"https:\/\/ryanhomepro.com\/?post_type=product&#038;p=1502"},"modified":"2024-11-05T12:55:18","modified_gmt":"2024-11-05T12:55:18","slug":"household-commercial-multi-functional-new-electric-digital-touch-8l-deep-windows-air-fryer","status":"publish","type":"product","link":"https:\/\/ryanhomepro.com\/sv\/produkt\/household-commercial-multi-functional-new-electric-digital-touch-8l-deep-windows-air-fryer\/","title":{"rendered":"Hush\u00e5ll Kommersiell Multifunktionell Ny Elektrisk Digital Touch 8l Djupa f\u00f6nster Luftfryser"},"content":{"rendered":"<h2>Varf\u00f6r v\u00e4lja en br\u00f6dtillverkare?<\/h2>\n<p>Om du \u00e4lskar doften av nybakat br\u00f6d som sprider sig i ditt hem \u00e4r en br\u00f6dbakare ett fantastiskt tillskott till ditt k\u00f6k! Dessa m\u00e5ngsidiga maskiner g\u00f6r att du kan njuta av hembakat br\u00f6d med minimal anstr\u00e4ngning. Inget mer kn\u00e5dande eller gissande av r\u00e4tt temperatur; l\u00e4gg bara till dina ingredienser och l\u00e5t magin ske.<\/p>\n<h2>Funktioner som g\u00f6r det enkelt att baka<\/h2>\n<p>Moderna br\u00f6dbakare \u00e4r fullmatade med funktioner som programmerbara inst\u00e4llningar, flera skorpalternativ och till och med glutenfria program. Oavsett om du f\u00f6redrar klassiskt vitt br\u00f6d eller fullkornsbr\u00f6d finns det en inst\u00e4llning f\u00f6r alla. Njut av tillfredsst\u00e4llelsen att skapa l\u00e4ckra limpor skr\u00e4ddarsydda efter din smak.<\/p>\n<h2>Perfekt f\u00f6r alla!<\/h2>\n<p>Oavsett om du \u00e4r en nyb\u00f6rjare eller ett erfaret proffs kan br\u00f6dbakare h\u00f6ja din bakning. De erbjuder ett enkelt och problemfritt s\u00e4tt att njuta av dina favoritbr\u00f6dtyper. Omfamna gl\u00e4djen med hembakning och unna dig varmt, uts\u00f6kt br\u00f6d som \u00e4r gjort precis som du vill ha det!<\/p>\n<p><img fetchpriority=\"high\" decoding=\"async\" class=\"alignnone wp-image-17046\" src=\"https:\/\/ryanhomepro.com\/wp-content\/uploads\/2024\/08\/\u4e3b\u56fe_2-2-300x300.jpg\" alt=\"\" width=\"750\" height=\"750\" srcset=\"https:\/\/ryanhomepro.com\/wp-content\/uploads\/2024\/08\/\u4e3b\u56fe_2-2-300x300.jpg 300w, https:\/\/ryanhomepro.com\/wp-content\/uploads\/2024\/08\/\u4e3b\u56fe_2-2-150x150.jpg 150w, https:\/\/ryanhomepro.com\/wp-content\/uploads\/2024\/08\/\u4e3b\u56fe_2-2-768x768.jpg 768w, https:\/\/ryanhomepro.com\/wp-content\/uploads\/2024\/08\/\u4e3b\u56fe_2-2-12x12.jpg 12w, https:\/\/ryanhomepro.com\/wp-content\/uploads\/2024\/08\/\u4e3b\u56fe_2-2-430x430.jpg 430w, https:\/\/ryanhomepro.com\/wp-content\/uploads\/2024\/08\/\u4e3b\u56fe_2-2-700x700.jpg 700w, https:\/\/ryanhomepro.com\/wp-content\/uploads\/2024\/08\/\u4e3b\u56fe_2-2.jpg 800w\" sizes=\"(max-width: 750px) 100vw, 750px\" \/> <img decoding=\"async\" class=\"alignnone wp-image-17047\" src=\"https:\/\/ryanhomepro.com\/wp-content\/uploads\/2024\/08\/\u4e3b\u56fe_3-2-300x300.jpg\" alt=\"\" width=\"750\" height=\"750\" srcset=\"https:\/\/ryanhomepro.com\/wp-content\/uploads\/2024\/08\/\u4e3b\u56fe_3-2-300x300.jpg 300w, https:\/\/ryanhomepro.com\/wp-content\/uploads\/2024\/08\/\u4e3b\u56fe_3-2-150x150.jpg 150w, https:\/\/ryanhomepro.com\/wp-content\/uploads\/2024\/08\/\u4e3b\u56fe_3-2-768x768.jpg 768w, https:\/\/ryanhomepro.com\/wp-content\/uploads\/2024\/08\/\u4e3b\u56fe_3-2-12x12.jpg 12w, https:\/\/ryanhomepro.com\/wp-content\/uploads\/2024\/08\/\u4e3b\u56fe_3-2-430x430.jpg 430w, https:\/\/ryanhomepro.com\/wp-content\/uploads\/2024\/08\/\u4e3b\u56fe_3-2-700x700.jpg 700w, https:\/\/ryanhomepro.com\/wp-content\/uploads\/2024\/08\/\u4e3b\u56fe_3-2.jpg 800w\" sizes=\"(max-width: 750px) 100vw, 750px\" \/> <img decoding=\"async\" class=\"alignnone wp-image-17048\" src=\"https:\/\/ryanhomepro.com\/wp-content\/uploads\/2024\/08\/\u4e3b\u56fe_4-2-300x300.jpg\" alt=\"\" width=\"750\" height=\"750\" srcset=\"https:\/\/ryanhomepro.com\/wp-content\/uploads\/2024\/08\/\u4e3b\u56fe_4-2-300x300.jpg 300w, https:\/\/ryanhomepro.com\/wp-content\/uploads\/2024\/08\/\u4e3b\u56fe_4-2-150x150.jpg 150w, https:\/\/ryanhomepro.com\/wp-content\/uploads\/2024\/08\/\u4e3b\u56fe_4-2-768x768.jpg 768w, https:\/\/ryanhomepro.com\/wp-content\/uploads\/2024\/08\/\u4e3b\u56fe_4-2-12x12.jpg 12w, https:\/\/ryanhomepro.com\/wp-content\/uploads\/2024\/08\/\u4e3b\u56fe_4-2-430x430.jpg 430w, https:\/\/ryanhomepro.com\/wp-content\/uploads\/2024\/08\/\u4e3b\u56fe_4-2-700x700.jpg 700w, https:\/\/ryanhomepro.com\/wp-content\/uploads\/2024\/08\/\u4e3b\u56fe_4-2.jpg 800w\" sizes=\"(max-width: 750px) 100vw, 750px\" \/> <img loading=\"lazy\" decoding=\"async\" class=\"alignnone wp-image-17049\" src=\"https:\/\/ryanhomepro.com\/wp-content\/uploads\/2024\/08\/\u4e3b\u56fe_5-2-300x300.jpg\" alt=\"\" width=\"750\" height=\"750\" srcset=\"https:\/\/ryanhomepro.com\/wp-content\/uploads\/2024\/08\/\u4e3b\u56fe_5-2-300x300.jpg 300w, https:\/\/ryanhomepro.com\/wp-content\/uploads\/2024\/08\/\u4e3b\u56fe_5-2-150x150.jpg 150w, https:\/\/ryanhomepro.com\/wp-content\/uploads\/2024\/08\/\u4e3b\u56fe_5-2-768x768.jpg 768w, https:\/\/ryanhomepro.com\/wp-content\/uploads\/2024\/08\/\u4e3b\u56fe_5-2-12x12.jpg 12w, https:\/\/ryanhomepro.com\/wp-content\/uploads\/2024\/08\/\u4e3b\u56fe_5-2-430x430.jpg 430w, https:\/\/ryanhomepro.com\/wp-content\/uploads\/2024\/08\/\u4e3b\u56fe_5-2-700x700.jpg 700w, https:\/\/ryanhomepro.com\/wp-content\/uploads\/2024\/08\/\u4e3b\u56fe_5-2.jpg 800w\" sizes=\"(max-width: 750px) 100vw, 750px\" \/> <img loading=\"lazy\" decoding=\"async\" class=\"alignnone wp-image-17051\" src=\"https:\/\/ryanhomepro.com\/wp-content\/uploads\/2024\/08\/\u4e3b\u56fe_6-2-300x300.jpg\" alt=\"\" width=\"750\" height=\"750\" srcset=\"https:\/\/ryanhomepro.com\/wp-content\/uploads\/2024\/08\/\u4e3b\u56fe_6-2-300x300.jpg 300w, https:\/\/ryanhomepro.com\/wp-content\/uploads\/2024\/08\/\u4e3b\u56fe_6-2-150x150.jpg 150w, https:\/\/ryanhomepro.com\/wp-content\/uploads\/2024\/08\/\u4e3b\u56fe_6-2-768x768.jpg 768w, https:\/\/ryanhomepro.com\/wp-content\/uploads\/2024\/08\/\u4e3b\u56fe_6-2-12x12.jpg 12w, https:\/\/ryanhomepro.com\/wp-content\/uploads\/2024\/08\/\u4e3b\u56fe_6-2-430x430.jpg 430w, https:\/\/ryanhomepro.com\/wp-content\/uploads\/2024\/08\/\u4e3b\u56fe_6-2-700x700.jpg 700w, https:\/\/ryanhomepro.com\/wp-content\/uploads\/2024\/08\/\u4e3b\u56fe_6-2.jpg 800w\" sizes=\"(max-width: 750px) 100vw, 750px\" \/><\/p>","protected":false},"excerpt":{"rendered":"<div data-v-4bf0ee25=\"\">\n<h4>Ledtid 7-15 dagar<\/h4>\n<\/div>\n<h4>US$ 65,9,9 - 67,8 \/ 1 bit<\/h4>\n<h4>1 Stycke Minsta best\u00e4llning<\/h4>\n<h4>Kvantitet FOB-pris<\/h4>\n<h4>1000-2999 stycken US$ 67,8<\/h4>\n<h4>3000-4999 Stycken US$ 67,1<\/h4>\n<h4>5000-9999 Stycken US$ 66,5<\/h4>\n<h4>\u226510000 Stycken US$ 65,9<\/h4>","protected":false},"featured_media":17045,"comment_status":"open","ping_status":"closed","template":"","meta":[],"product_brand":[],"product_cat":[132,130],"product_tag":[],"class_list":{"0":"post-1502","1":"product","2":"type-product","3":"status-publish","4":"has-post-thumbnail","6":"product_cat-410l-air-fryer","7":"product_cat-air-fryer","9":"first","10":"instock","11":"shipping-taxable","12":"product-type-simple"},"_links":{"self":[{"href":"https:\/\/ryanhomepro.com\/sv\/wp-json\/wp\/v2\/product\/1502"}],"collection":[{"href":"https:\/\/ryanhomepro.com\/sv\/wp-json\/wp\/v2\/product"}],"about":[{"href":"https:\/\/ryanhomepro.com\/sv\/wp-json\/wp\/v2\/types\/product"}],"replies":[{"embeddable":true,"href":"https:\/\/ryanhomepro.com\/sv\/wp-json\/wp\/v2\/comments?post=1502"}],"version-history":[{"count":2,"href":"https:\/\/ryanhomepro.com\/sv\/wp-json\/wp\/v2\/product\/1502\/revisions"}],"predecessor-version":[{"id":17052,"href":"https:\/\/ryanhomepro.com\/sv\/wp-json\/wp\/v2\/product\/1502\/revisions\/17052"}],"wp:featuredmedia":[{"embeddable":true,"href":"https:\/\/ryanhomepro.com\/sv\/wp-json\/wp\/v2\/media\/17045"}],"wp:attachment":[{"href":"https:\/\/ryanhomepro.com\/sv\/wp-json\/wp\/v2\/media?parent=1502"}],"wp:term":[{"taxonomy":"product_brand","embeddable":true,"href":"https:\/\/ryanhomepro.com\/sv\/wp-json\/wp\/v2\/product_brand?post=1502"},{"taxonomy":"product_cat","embeddable":true,"href":"https:\/\/ryanhomepro.com\/sv\/wp-json\/wp\/v2\/product_cat?post=1502"},{"taxonomy":"product_tag","embeddable":true,"href":"https:\/\/ryanhomepro.com\/sv\/wp-json\/wp\/v2\/product_tag?post=1502"}],"curies":[{"name":"wp","href":"https:\/\/api.w.org\/{rel}","templated":true}]}}