{"id":1504,"date":"2024-08-26T07:27:50","date_gmt":"2024-08-26T07:27:50","guid":{"rendered":"https:\/\/ryanhomepro.com\/?post_type=product&#038;p=1504"},"modified":"2024-11-05T12:55:16","modified_gmt":"2024-11-05T12:55:16","slug":"household-fully-automatic-intelligence-bread-maker-multifunction-bread-making-machine","status":"publish","type":"product","link":"https:\/\/ryanhomepro.com\/pt\/produto\/household-fully-automatic-intelligence-bread-maker-multifunction-bread-making-machine\/","title":{"rendered":"M\u00e1quina de fazer p\u00e3o com intelig\u00eancia totalmente autom\u00e1tica para uso dom\u00e9stico M\u00e1quina de fazer p\u00e3o multifuncional"},"content":{"rendered":"<h2>Por que escolher uma m\u00e1quina de fazer p\u00e3o?<\/h2>\n<p>Se voc\u00ea adora o aroma de p\u00e3o rec\u00e9m-assado em sua casa, uma m\u00e1quina de fazer p\u00e3o \u00e9 uma adi\u00e7\u00e3o fant\u00e1stica \u00e0 sua cozinha! Essas m\u00e1quinas vers\u00e1teis permitem que voc\u00ea desfrute de p\u00e3o caseiro com o m\u00ednimo de esfor\u00e7o. N\u00e3o \u00e9 preciso mais amassar ou adivinhar a temperatura certa; basta adicionar os ingredientes e deixar a m\u00e1gica acontecer.<\/p>\n<h2>Recursos que facilitam o cozimento<\/h2>\n<p>Modern bread makers come packed with features such as programmable settings, multiple crust options, and even gluten-free programs. Whether you prefer classic white bread or whole grain, there&#8217;s a setting for everyone. Enjoy the satisfaction of creating delicious loaves tailored to your taste.<\/p>\n<h2>Perfeito para todos!<\/h2>\n<p>N\u00e3o importa se voc\u00ea \u00e9 um padeiro novato ou um profissional experiente, as m\u00e1quinas de fazer p\u00e3o podem elevar seu n\u00edvel de cozimento. Elas oferecem uma maneira f\u00e1cil e sem bagun\u00e7a de saborear seus tipos de p\u00e3es favoritos. Abrace as alegrias da panifica\u00e7\u00e3o caseira e delicie-se com um p\u00e3o quente e delicioso feito do jeito que voc\u00ea gosta!<\/p>\n<p><img fetchpriority=\"high\" decoding=\"async\" class=\"alignnone wp-image-17039\" src=\"https:\/\/ryanhomepro.com\/wp-content\/uploads\/2024\/08\/\u4e3b\u56fe_2-1-300x300.jpg\" alt=\"\" width=\"750\" height=\"750\" srcset=\"https:\/\/ryanhomepro.com\/wp-content\/uploads\/2024\/08\/\u4e3b\u56fe_2-1-300x300.jpg 300w, https:\/\/ryanhomepro.com\/wp-content\/uploads\/2024\/08\/\u4e3b\u56fe_2-1-150x150.jpg 150w, https:\/\/ryanhomepro.com\/wp-content\/uploads\/2024\/08\/\u4e3b\u56fe_2-1-768x768.jpg 768w, https:\/\/ryanhomepro.com\/wp-content\/uploads\/2024\/08\/\u4e3b\u56fe_2-1-12x12.jpg 12w, https:\/\/ryanhomepro.com\/wp-content\/uploads\/2024\/08\/\u4e3b\u56fe_2-1-430x430.jpg 430w, https:\/\/ryanhomepro.com\/wp-content\/uploads\/2024\/08\/\u4e3b\u56fe_2-1-700x700.jpg 700w, https:\/\/ryanhomepro.com\/wp-content\/uploads\/2024\/08\/\u4e3b\u56fe_2-1.jpg 800w\" sizes=\"(max-width: 750px) 100vw, 750px\" \/> <img decoding=\"async\" class=\"alignnone wp-image-17040\" src=\"https:\/\/ryanhomepro.com\/wp-content\/uploads\/2024\/08\/\u4e3b\u56fe_3-1-300x300.jpg\" alt=\"\" width=\"750\" height=\"750\" srcset=\"https:\/\/ryanhomepro.com\/wp-content\/uploads\/2024\/08\/\u4e3b\u56fe_3-1-300x300.jpg 300w, https:\/\/ryanhomepro.com\/wp-content\/uploads\/2024\/08\/\u4e3b\u56fe_3-1-150x150.jpg 150w, https:\/\/ryanhomepro.com\/wp-content\/uploads\/2024\/08\/\u4e3b\u56fe_3-1-768x768.jpg 768w, https:\/\/ryanhomepro.com\/wp-content\/uploads\/2024\/08\/\u4e3b\u56fe_3-1-12x12.jpg 12w, https:\/\/ryanhomepro.com\/wp-content\/uploads\/2024\/08\/\u4e3b\u56fe_3-1-430x430.jpg 430w, https:\/\/ryanhomepro.com\/wp-content\/uploads\/2024\/08\/\u4e3b\u56fe_3-1-700x700.jpg 700w, https:\/\/ryanhomepro.com\/wp-content\/uploads\/2024\/08\/\u4e3b\u56fe_3-1.jpg 800w\" sizes=\"(max-width: 750px) 100vw, 750px\" \/> <img decoding=\"async\" class=\"alignnone wp-image-17041\" src=\"https:\/\/ryanhomepro.com\/wp-content\/uploads\/2024\/08\/\u4e3b\u56fe_4-1-300x300.jpg\" alt=\"\" width=\"750\" height=\"750\" srcset=\"https:\/\/ryanhomepro.com\/wp-content\/uploads\/2024\/08\/\u4e3b\u56fe_4-1-300x300.jpg 300w, https:\/\/ryanhomepro.com\/wp-content\/uploads\/2024\/08\/\u4e3b\u56fe_4-1-150x150.jpg 150w, https:\/\/ryanhomepro.com\/wp-content\/uploads\/2024\/08\/\u4e3b\u56fe_4-1-768x768.jpg 768w, https:\/\/ryanhomepro.com\/wp-content\/uploads\/2024\/08\/\u4e3b\u56fe_4-1-12x12.jpg 12w, https:\/\/ryanhomepro.com\/wp-content\/uploads\/2024\/08\/\u4e3b\u56fe_4-1-430x430.jpg 430w, https:\/\/ryanhomepro.com\/wp-content\/uploads\/2024\/08\/\u4e3b\u56fe_4-1-700x700.jpg 700w, https:\/\/ryanhomepro.com\/wp-content\/uploads\/2024\/08\/\u4e3b\u56fe_4-1.jpg 800w\" sizes=\"(max-width: 750px) 100vw, 750px\" \/> <img loading=\"lazy\" decoding=\"async\" class=\"alignnone wp-image-17042\" src=\"https:\/\/ryanhomepro.com\/wp-content\/uploads\/2024\/08\/\u4e3b\u56fe_5-1-300x300.jpg\" alt=\"\" width=\"750\" height=\"750\" srcset=\"https:\/\/ryanhomepro.com\/wp-content\/uploads\/2024\/08\/\u4e3b\u56fe_5-1-300x300.jpg 300w, https:\/\/ryanhomepro.com\/wp-content\/uploads\/2024\/08\/\u4e3b\u56fe_5-1-150x150.jpg 150w, https:\/\/ryanhomepro.com\/wp-content\/uploads\/2024\/08\/\u4e3b\u56fe_5-1-768x768.jpg 768w, https:\/\/ryanhomepro.com\/wp-content\/uploads\/2024\/08\/\u4e3b\u56fe_5-1-12x12.jpg 12w, https:\/\/ryanhomepro.com\/wp-content\/uploads\/2024\/08\/\u4e3b\u56fe_5-1-430x430.jpg 430w, https:\/\/ryanhomepro.com\/wp-content\/uploads\/2024\/08\/\u4e3b\u56fe_5-1-700x700.jpg 700w, https:\/\/ryanhomepro.com\/wp-content\/uploads\/2024\/08\/\u4e3b\u56fe_5-1.jpg 800w\" sizes=\"(max-width: 750px) 100vw, 750px\" \/> <img loading=\"lazy\" decoding=\"async\" class=\"alignnone wp-image-17043\" src=\"https:\/\/ryanhomepro.com\/wp-content\/uploads\/2024\/08\/\u4e3b\u56fe_6-1-300x300.jpg\" alt=\"\" width=\"750\" height=\"750\" srcset=\"https:\/\/ryanhomepro.com\/wp-content\/uploads\/2024\/08\/\u4e3b\u56fe_6-1-300x300.jpg 300w, https:\/\/ryanhomepro.com\/wp-content\/uploads\/2024\/08\/\u4e3b\u56fe_6-1-150x150.jpg 150w, https:\/\/ryanhomepro.com\/wp-content\/uploads\/2024\/08\/\u4e3b\u56fe_6-1-768x768.jpg 768w, https:\/\/ryanhomepro.com\/wp-content\/uploads\/2024\/08\/\u4e3b\u56fe_6-1-12x12.jpg 12w, https:\/\/ryanhomepro.com\/wp-content\/uploads\/2024\/08\/\u4e3b\u56fe_6-1-430x430.jpg 430w, https:\/\/ryanhomepro.com\/wp-content\/uploads\/2024\/08\/\u4e3b\u56fe_6-1-700x700.jpg 700w, https:\/\/ryanhomepro.com\/wp-content\/uploads\/2024\/08\/\u4e3b\u56fe_6-1.jpg 800w\" sizes=\"(max-width: 750px) 100vw, 750px\" \/><\/p>\n<p>&nbsp;<\/p>","protected":false},"excerpt":{"rendered":"<div data-v-4bf0ee25=\"\">\n<h4>Prazo de entrega de 7 a 15 dias<\/h4>\n<\/div>\n<h4>US$ 65,9,9 - 67,8 \/ 1 pe\u00e7a<\/h4>\n<h4>1 pe\u00e7a Pedido m\u00ednimo<\/h4>\n<h4>Quantidade Pre\u00e7o FOB<\/h4>\n<h4>1000-2999 pe\u00e7as US$ 67,8<\/h4>\n<h4>3000-4999 pe\u00e7as US$ 67,1<\/h4>\n<h4>5000-9999 pe\u00e7as US$ 66,5<\/h4>\n<h4>\u226510000 pe\u00e7as US$ 65,9<\/h4>","protected":false},"featured_media":17038,"comment_status":"open","ping_status":"closed","template":"","meta":[],"product_brand":[],"product_cat":[125,126],"product_tag":[],"class_list":{"0":"post-1504","1":"product","2":"type-product","3":"status-publish","4":"has-post-thumbnail","6":"product_cat-bread-makers","7":"product_cat-stainless-steel-style","9":"first","10":"instock","11":"shipping-taxable","12":"product-type-simple"},"_links":{"self":[{"href":"https:\/\/ryanhomepro.com\/pt\/wp-json\/wp\/v2\/product\/1504"}],"collection":[{"href":"https:\/\/ryanhomepro.com\/pt\/wp-json\/wp\/v2\/product"}],"about":[{"href":"https:\/\/ryanhomepro.com\/pt\/wp-json\/wp\/v2\/types\/product"}],"replies":[{"embeddable":true,"href":"https:\/\/ryanhomepro.com\/pt\/wp-json\/wp\/v2\/comments?post=1504"}],"version-history":[{"count":3,"href":"https:\/\/ryanhomepro.com\/pt\/wp-json\/wp\/v2\/product\/1504\/revisions"}],"predecessor-version":[{"id":17044,"href":"https:\/\/ryanhomepro.com\/pt\/wp-json\/wp\/v2\/product\/1504\/revisions\/17044"}],"wp:featuredmedia":[{"embeddable":true,"href":"https:\/\/ryanhomepro.com\/pt\/wp-json\/wp\/v2\/media\/17038"}],"wp:attachment":[{"href":"https:\/\/ryanhomepro.com\/pt\/wp-json\/wp\/v2\/media?parent=1504"}],"wp:term":[{"taxonomy":"product_brand","embeddable":true,"href":"https:\/\/ryanhomepro.com\/pt\/wp-json\/wp\/v2\/product_brand?post=1504"},{"taxonomy":"product_cat","embeddable":true,"href":"https:\/\/ryanhomepro.com\/pt\/wp-json\/wp\/v2\/product_cat?post=1504"},{"taxonomy":"product_tag","embeddable":true,"href":"https:\/\/ryanhomepro.com\/pt\/wp-json\/wp\/v2\/product_tag?post=1504"}],"curies":[{"name":"wp","href":"https:\/\/api.w.org\/{rel}","templated":true}]}}