{"id":1505,"date":"2024-08-26T07:28:34","date_gmt":"2024-08-26T07:28:34","guid":{"rendered":"https:\/\/ryanhomepro.com\/?post_type=product&#038;p=1505"},"modified":"2025-06-03T18:25:51","modified_gmt":"2025-06-03T18:25:51","slug":"electric-coffee-grinder-with-electric-scale-by-weight-espresso-coffee-bean-grinder-with-conical-burr-31-adjustable-setting","status":"publish","type":"product","link":"https:\/\/ryanhomepro.com\/fr\/produit\/electric-coffee-grinder-with-electric-scale-by-weight-espresso-coffee-bean-grinder-with-conical-burr-31-adjustable-setting\/","title":{"rendered":"Moulin \u00e0 caf\u00e9 \u00e9lectrique avec balance \u00e9lectrique par poids Moulin \u00e0 caf\u00e9 espresso en grains avec bavure conique 31 r\u00e9glable"},"content":{"rendered":"<h4><span class=\"content mubu-node\">Sp\u00e9cifications<\/span><\/h4>\n<h4><span class=\"content mubu-node\">Mat\u00e9riau : ABS\/304 Acier inoxydable<\/span><\/h4>\n<h4><span class=\"content mubu-node\">Caract\u00e9ristiques : Cafeti\u00e8re<\/span><\/h4>\n<h4><span class=\"content mubu-node\">Taille du produit : L236 * L160 *H352mm<\/span><\/h4>\n<h4><span class=\"content mubu-node\">Lieu d'origine : CHINE<\/span><\/h4>\n<h4><span class=\"content mubu-node\">Num\u00e9ro de mod\u00e8le : KC301<\/span><\/h4>\n<h4><span class=\"content mubu-node\">Puissance (W) : 1000w<\/span><\/h4>\n<h4><span class=\"content mubu-node\">Tension (V) : 120V\/220V<\/span><\/h4>\n<h4><span class=\"content mubu-node\">Poids net : 1,2 kg<\/span><\/h4>\n<h4><span class=\"content mubu-node\">Emballage et livraison<\/span><\/h4>\n<h4><span class=\"content mubu-node\">Bo\u00eete de couleur (cm) : L258 *L168 *H362mm<\/span><\/h4>\n<h4><span class=\"content mubu-node\">Qt\u00e9\/ctn : 4 pcs<\/span><\/h4>\n<h4><span class=\"content mubu-node\">Taille de la bo\u00eete (cm) : L530 *L350 *H374mm<\/span><\/h4>\n<h4><span class=\"content mubu-node\">Poids brut par ctn (kgs) : 9.2kg<\/span><\/h4>\n<h4><span class=\"content mubu-node\">N.W.per ctn(kgs) : 8kg<\/span><\/h4>\n<h4><span class=\"content mubu-node\">Conditionnement en conteneurs : 20'GP:1440pcs;40'GP:3170pcs;40'HQ:3740pcs\u00a0\u00a0<\/span><span class=\"content mubu-node\">\u00a0<\/span><\/h4>\n<p><img fetchpriority=\"high\" decoding=\"async\" class=\"alignnone wp-image-17029 size-full\" src=\"https:\/\/ryanhomepro.com\/wp-content\/uploads\/2024\/08\/\u4e3b\u56fe_1.jpg\" alt=\"\" width=\"750\" height=\"750\" srcset=\"https:\/\/ryanhomepro.com\/wp-content\/uploads\/2024\/08\/\u4e3b\u56fe_1.jpg 750w, https:\/\/ryanhomepro.com\/wp-content\/uploads\/2024\/08\/\u4e3b\u56fe_1-300x300.jpg 300w, https:\/\/ryanhomepro.com\/wp-content\/uploads\/2024\/08\/\u4e3b\u56fe_1-150x150.jpg 150w, https:\/\/ryanhomepro.com\/wp-content\/uploads\/2024\/08\/\u4e3b\u56fe_1-12x12.jpg 12w, https:\/\/ryanhomepro.com\/wp-content\/uploads\/2024\/08\/\u4e3b\u56fe_1-430x430.jpg 430w, https:\/\/ryanhomepro.com\/wp-content\/uploads\/2024\/08\/\u4e3b\u56fe_1-700x700.jpg 700w\" sizes=\"(max-width: 750px) 100vw, 750px\" \/> <img decoding=\"async\" class=\"alignnone wp-image-17030 size-full\" src=\"https:\/\/ryanhomepro.com\/wp-content\/uploads\/2024\/08\/\u4e3b\u56fe_2.jpg\" alt=\"\" width=\"750\" height=\"750\" srcset=\"https:\/\/ryanhomepro.com\/wp-content\/uploads\/2024\/08\/\u4e3b\u56fe_2.jpg 750w, https:\/\/ryanhomepro.com\/wp-content\/uploads\/2024\/08\/\u4e3b\u56fe_2-300x300.jpg 300w, https:\/\/ryanhomepro.com\/wp-content\/uploads\/2024\/08\/\u4e3b\u56fe_2-150x150.jpg 150w, https:\/\/ryanhomepro.com\/wp-content\/uploads\/2024\/08\/\u4e3b\u56fe_2-12x12.jpg 12w, https:\/\/ryanhomepro.com\/wp-content\/uploads\/2024\/08\/\u4e3b\u56fe_2-430x430.jpg 430w, https:\/\/ryanhomepro.com\/wp-content\/uploads\/2024\/08\/\u4e3b\u56fe_2-700x700.jpg 700w\" sizes=\"(max-width: 750px) 100vw, 750px\" \/> <img decoding=\"async\" class=\"alignnone wp-image-17031 size-full\" src=\"https:\/\/ryanhomepro.com\/wp-content\/uploads\/2024\/08\/\u4e3b\u56fe_3.jpg\" alt=\"\" width=\"750\" height=\"750\" srcset=\"https:\/\/ryanhomepro.com\/wp-content\/uploads\/2024\/08\/\u4e3b\u56fe_3.jpg 750w, https:\/\/ryanhomepro.com\/wp-content\/uploads\/2024\/08\/\u4e3b\u56fe_3-300x300.jpg 300w, https:\/\/ryanhomepro.com\/wp-content\/uploads\/2024\/08\/\u4e3b\u56fe_3-150x150.jpg 150w, https:\/\/ryanhomepro.com\/wp-content\/uploads\/2024\/08\/\u4e3b\u56fe_3-12x12.jpg 12w, https:\/\/ryanhomepro.com\/wp-content\/uploads\/2024\/08\/\u4e3b\u56fe_3-430x430.jpg 430w, https:\/\/ryanhomepro.com\/wp-content\/uploads\/2024\/08\/\u4e3b\u56fe_3-700x700.jpg 700w\" sizes=\"(max-width: 750px) 100vw, 750px\" \/> <img loading=\"lazy\" decoding=\"async\" class=\"alignnone wp-image-17032 size-full\" src=\"https:\/\/ryanhomepro.com\/wp-content\/uploads\/2024\/08\/\u4e3b\u56fe_4.jpg\" alt=\"\" width=\"750\" height=\"750\" srcset=\"https:\/\/ryanhomepro.com\/wp-content\/uploads\/2024\/08\/\u4e3b\u56fe_4.jpg 750w, https:\/\/ryanhomepro.com\/wp-content\/uploads\/2024\/08\/\u4e3b\u56fe_4-300x300.jpg 300w, https:\/\/ryanhomepro.com\/wp-content\/uploads\/2024\/08\/\u4e3b\u56fe_4-150x150.jpg 150w, https:\/\/ryanhomepro.com\/wp-content\/uploads\/2024\/08\/\u4e3b\u56fe_4-12x12.jpg 12w, https:\/\/ryanhomepro.com\/wp-content\/uploads\/2024\/08\/\u4e3b\u56fe_4-430x430.jpg 430w, https:\/\/ryanhomepro.com\/wp-content\/uploads\/2024\/08\/\u4e3b\u56fe_4-700x700.jpg 700w\" sizes=\"(max-width: 750px) 100vw, 750px\" \/> <img loading=\"lazy\" decoding=\"async\" class=\"alignnone wp-image-17033 size-full\" src=\"https:\/\/ryanhomepro.com\/wp-content\/uploads\/2024\/08\/\u4e3b\u56fe_5.jpg\" alt=\"\" width=\"750\" height=\"750\" srcset=\"https:\/\/ryanhomepro.com\/wp-content\/uploads\/2024\/08\/\u4e3b\u56fe_5.jpg 750w, https:\/\/ryanhomepro.com\/wp-content\/uploads\/2024\/08\/\u4e3b\u56fe_5-300x300.jpg 300w, https:\/\/ryanhomepro.com\/wp-content\/uploads\/2024\/08\/\u4e3b\u56fe_5-150x150.jpg 150w, https:\/\/ryanhomepro.com\/wp-content\/uploads\/2024\/08\/\u4e3b\u56fe_5-12x12.jpg 12w, https:\/\/ryanhomepro.com\/wp-content\/uploads\/2024\/08\/\u4e3b\u56fe_5-430x430.jpg 430w, https:\/\/ryanhomepro.com\/wp-content\/uploads\/2024\/08\/\u4e3b\u56fe_5-700x700.jpg 700w\" sizes=\"(max-width: 750px) 100vw, 750px\" \/> <img loading=\"lazy\" decoding=\"async\" class=\"alignnone wp-image-17034 size-full\" src=\"https:\/\/ryanhomepro.com\/wp-content\/uploads\/2024\/08\/\u4e3b\u56fe_6.jpg\" alt=\"\" width=\"750\" height=\"750\" srcset=\"https:\/\/ryanhomepro.com\/wp-content\/uploads\/2024\/08\/\u4e3b\u56fe_6.jpg 750w, https:\/\/ryanhomepro.com\/wp-content\/uploads\/2024\/08\/\u4e3b\u56fe_6-300x300.jpg 300w, https:\/\/ryanhomepro.com\/wp-content\/uploads\/2024\/08\/\u4e3b\u56fe_6-150x150.jpg 150w, https:\/\/ryanhomepro.com\/wp-content\/uploads\/2024\/08\/\u4e3b\u56fe_6-12x12.jpg 12w, https:\/\/ryanhomepro.com\/wp-content\/uploads\/2024\/08\/\u4e3b\u56fe_6-430x430.jpg 430w, https:\/\/ryanhomepro.com\/wp-content\/uploads\/2024\/08\/\u4e3b\u56fe_6-700x700.jpg 700w\" sizes=\"(max-width: 750px) 100vw, 750px\" \/><\/p>","protected":false},"excerpt":{"rendered":"<div data-v-4bf0ee25=\"\">\n<h4>D\u00e9lai de livraison 7-15 jours<\/h4>\n<\/div>\n<h4>US$ 65.9.9 - 67.8 \/ 1 Pi\u00e8ce<\/h4>\n<h4>1 pi\u00e8ce Commande minimale<\/h4>\n<h4>Quantit\u00e9 Prix FOB<\/h4>\n<h4>1000-2999 Pi\u00e8ces US$ 67.8<\/h4>\n<h4>3000-4999 Pi\u00e8ces US$ 67.1<\/h4>\n<h4>5000-9999 Pi\u00e8ces US$ 66.5<\/h4>\n<h4>\u226510000 Pi\u00e8ces US$ 65.9<\/h4>","protected":false},"featured_media":17029,"comment_status":"open","ping_status":"closed","template":"","meta":[],"product_brand":[],"product_cat":[100],"product_tag":[],"class_list":{"0":"post-1505","1":"product","2":"type-product","3":"status-publish","4":"has-post-thumbnail","6":"product_cat-coffee-machine","8":"first","9":"instock","10":"shipping-taxable","11":"product-type-simple"},"_links":{"self":[{"href":"https:\/\/ryanhomepro.com\/fr\/wp-json\/wp\/v2\/product\/1505"}],"collection":[{"href":"https:\/\/ryanhomepro.com\/fr\/wp-json\/wp\/v2\/product"}],"about":[{"href":"https:\/\/ryanhomepro.com\/fr\/wp-json\/wp\/v2\/types\/product"}],"replies":[{"embeddable":true,"href":"https:\/\/ryanhomepro.com\/fr\/wp-json\/wp\/v2\/comments?post=1505"}],"version-history":[{"count":4,"href":"https:\/\/ryanhomepro.com\/fr\/wp-json\/wp\/v2\/product\/1505\/revisions"}],"predecessor-version":[{"id":17036,"href":"https:\/\/ryanhomepro.com\/fr\/wp-json\/wp\/v2\/product\/1505\/revisions\/17036"}],"wp:featuredmedia":[{"embeddable":true,"href":"https:\/\/ryanhomepro.com\/fr\/wp-json\/wp\/v2\/media\/17029"}],"wp:attachment":[{"href":"https:\/\/ryanhomepro.com\/fr\/wp-json\/wp\/v2\/media?parent=1505"}],"wp:term":[{"taxonomy":"product_brand","embeddable":true,"href":"https:\/\/ryanhomepro.com\/fr\/wp-json\/wp\/v2\/product_brand?post=1505"},{"taxonomy":"product_cat","embeddable":true,"href":"https:\/\/ryanhomepro.com\/fr\/wp-json\/wp\/v2\/product_cat?post=1505"},{"taxonomy":"product_tag","embeddable":true,"href":"https:\/\/ryanhomepro.com\/fr\/wp-json\/wp\/v2\/product_tag?post=1505"}],"curies":[{"name":"wp","href":"https:\/\/api.w.org\/{rel}","templated":true}]}}