{"id":1637,"date":"2024-08-26T15:54:30","date_gmt":"2024-08-26T15:54:30","guid":{"rendered":"https:\/\/ryanhomepro.com\/?page_id=1637"},"modified":"2024-12-08T19:12:13","modified_gmt":"2024-12-08T19:12:13","slug":"why-us","status":"publish","type":"page","link":"https:\/\/ryanhomepro.com\/fr\/why-us\/","title":{"rendered":"Pourquoi nous ?"},"content":{"rendered":"<div data-elementor-type=\"wp-page\" data-elementor-id=\"1637\" class=\"elementor elementor-1637\" data-elementor-settings=\"{&quot;element_pack_global_tooltip_width&quot;:{&quot;unit&quot;:&quot;px&quot;,&quot;size&quot;:&quot;&quot;,&quot;sizes&quot;:[]},&quot;element_pack_global_tooltip_width_tablet&quot;:{&quot;unit&quot;:&quot;px&quot;,&quot;size&quot;:&quot;&quot;,&quot;sizes&quot;:[]},&quot;element_pack_global_tooltip_width_mobile&quot;:{&quot;unit&quot;:&quot;px&quot;,&quot;size&quot;:&quot;&quot;,&quot;sizes&quot;:[]},&quot;element_pack_global_tooltip_padding&quot;:{&quot;unit&quot;:&quot;px&quot;,&quot;top&quot;:&quot;&quot;,&quot;right&quot;:&quot;&quot;,&quot;bottom&quot;:&quot;&quot;,&quot;left&quot;:&quot;&quot;,&quot;isLinked&quot;:true},&quot;element_pack_global_tooltip_padding_tablet&quot;:{&quot;unit&quot;:&quot;px&quot;,&quot;top&quot;:&quot;&quot;,&quot;right&quot;:&quot;&quot;,&quot;bottom&quot;:&quot;&quot;,&quot;left&quot;:&quot;&quot;,&quot;isLinked&quot;:true},&quot;element_pack_global_tooltip_padding_mobile&quot;:{&quot;unit&quot;:&quot;px&quot;,&quot;top&quot;:&quot;&quot;,&quot;right&quot;:&quot;&quot;,&quot;bottom&quot;:&quot;&quot;,&quot;left&quot;:&quot;&quot;,&quot;isLinked&quot;:true},&quot;element_pack_global_tooltip_border_radius&quot;:{&quot;unit&quot;:&quot;px&quot;,&quot;top&quot;:&quot;&quot;,&quot;right&quot;:&quot;&quot;,&quot;bottom&quot;:&quot;&quot;,&quot;left&quot;:&quot;&quot;,&quot;isLinked&quot;:true},&quot;element_pack_global_tooltip_border_radius_tablet&quot;:{&quot;unit&quot;:&quot;px&quot;,&quot;top&quot;:&quot;&quot;,&quot;right&quot;:&quot;&quot;,&quot;bottom&quot;:&quot;&quot;,&quot;left&quot;:&quot;&quot;,&quot;isLinked&quot;:true},&quot;element_pack_global_tooltip_border_radius_mobile&quot;:{&quot;unit&quot;:&quot;px&quot;,&quot;top&quot;:&quot;&quot;,&quot;right&quot;:&quot;&quot;,&quot;bottom&quot;:&quot;&quot;,&quot;left&quot;:&quot;&quot;,&quot;isLinked&quot;:true}}\" data-elementor-post-type=\"page\">\n\t\t\t\t<div class=\"elementor-element elementor-element-98aca49 wd-section-stretch-content e-flex e-con-boxed e-con e-parent\" data-id=\"98aca49\" data-element_type=\"container\" data-settings=\"{&quot;background_background&quot;:&quot;classic&quot;,&quot;ekit_has_onepagescroll_dot&quot;:&quot;yes&quot;}\">\n\t\t\t\t\t<div class=\"e-con-inner\">\n\t\t\t\t<div class=\"elementor-element elementor-element-25c02b0f elementor-widget elementor-widget-heading\" data-id=\"25c02b0f\" data-element_type=\"widget\" data-settings=\"{&quot;ekit_we_effect_on&quot;:&quot;none&quot;}\" data-widget_type=\"heading.default\">\n\t\t\t\t<div class=\"elementor-widget-container\">\n\t\t\t\t\t<h2 class=\"elementor-heading-title elementor-size-default\">Pourquoi nous ?<\/h2>\t\t\t\t<\/div>\n\t\t\t\t<\/div>\n\t\t\t\t\t<\/div>\n\t\t\t\t<\/div>\n\t\t<div class=\"elementor-element elementor-element-c5eb713 e-grid wd-section-stretch-content e-con-boxed e-con e-parent\" data-id=\"c5eb713\" data-element_type=\"container\" data-settings=\"{&quot;background_background&quot;:&quot;classic&quot;,&quot;ekit_has_onepagescroll_dot&quot;:&quot;yes&quot;}\">\n\t\t\t\t\t<div class=\"e-con-inner\">\n\t\t<div class=\"elementor-element elementor-element-11479ec e-con-full e-flex e-con e-child\" data-id=\"11479ec\" data-element_type=\"container\" data-settings=\"{&quot;ekit_has_onepagescroll_dot&quot;:&quot;yes&quot;}\">\n\t\t\t\t<div class=\"elementor-element elementor-element-346d925 elementor-widget elementor-widget-bdt-advanced-heading\" data-id=\"346d925\" data-element_type=\"widget\" data-settings=\"{&quot;ekit_we_effect_on&quot;:&quot;none&quot;}\" data-widget_type=\"bdt-advanced-heading.default\">\n\t\t\t\t<div class=\"elementor-widget-container\">\n\t\t\t\t\t<div id=\"346d925\" class=\"bdt-ep-advanced-heading\" data-settings=\"{&quot;titleMultiColor&quot;:&quot;no&quot;}\"><h2 class=\"bdt-ep-advanced-heading-title\"><span class=\"bdt-ep-advanced-heading-main-title\"><span class=\"bdt-ep-advanced-heading-main-title-inner\">Contr\u00f4le de la qualit\u00e9<\/span><\/span><\/h2><\/div>\t\t\t\t<\/div>\n\t\t\t\t<\/div>\n\t\t\t\t<div class=\"elementor-element elementor-element-74b8f89 color-scheme-inherit text-left elementor-widget elementor-widget-text-editor\" data-id=\"74b8f89\" data-element_type=\"widget\" data-settings=\"{&quot;ekit_we_effect_on&quot;:&quot;none&quot;}\" data-widget_type=\"text-editor.default\">\n\t\t\t\t<div class=\"elementor-widget-container\">\n\t\t\t\t\t\t\t\t\t<h2>Respecter strictement le syst\u00e8me de gestion de la qualit\u00e9 ISO9001 pour garantir la stabilit\u00e9 et la dur\u00e9e de vie des produits.<\/h2>\t\t\t\t\t\t\t\t<\/div>\n\t\t\t\t<\/div>\n\t\t\t\t<\/div>\n\t\t\t\t<div class=\"elementor-element elementor-element-92414a9 elementor-widget elementor-widget-image\" data-id=\"92414a9\" data-element_type=\"widget\" data-settings=\"{&quot;ekit_we_effect_on&quot;:&quot;none&quot;}\" data-widget_type=\"image.default\">\n\t\t\t\t<div class=\"elementor-widget-container\">\n\t\t\t\t\t\t\t\t\t\t\t\t\t\t\t\t<a href=\"#\">\n\t\t\t\t\t\t\t<img fetchpriority=\"high\" decoding=\"async\" width=\"800\" height=\"800\" src=\"https:\/\/ryanhomepro.com\/wp-content\/uploads\/2024\/12\/Our-Factory.jpg\" class=\"attachment-full size-full wp-image-18023\" alt=\"\" srcset=\"https:\/\/ryanhomepro.com\/wp-content\/uploads\/2024\/12\/Our-Factory.jpg 800w, https:\/\/ryanhomepro.com\/wp-content\/uploads\/2024\/12\/Our-Factory-300x300.jpg 300w, https:\/\/ryanhomepro.com\/wp-content\/uploads\/2024\/12\/Our-Factory-150x150.jpg 150w, https:\/\/ryanhomepro.com\/wp-content\/uploads\/2024\/12\/Our-Factory-768x768.jpg 768w, https:\/\/ryanhomepro.com\/wp-content\/uploads\/2024\/12\/Our-Factory-12x12.jpg 12w, https:\/\/ryanhomepro.com\/wp-content\/uploads\/2024\/12\/Our-Factory-430x430.jpg 430w, https:\/\/ryanhomepro.com\/wp-content\/uploads\/2024\/12\/Our-Factory-700x700.jpg 700w\" sizes=\"(max-width: 800px) 100vw, 800px\" \/>\t\t\t\t\t\t\t\t<\/a>\n\t\t\t\t\t\t\t\t\t\t\t\t\t\t\t<\/div>\n\t\t\t\t<\/div>\n\t\t\t\t<div class=\"elementor-element elementor-element-9595263 elementor-widget elementor-widget-image\" data-id=\"9595263\" data-element_type=\"widget\" data-settings=\"{&quot;ekit_we_effect_on&quot;:&quot;none&quot;}\" data-widget_type=\"image.default\">\n\t\t\t\t<div class=\"elementor-widget-container\">\n\t\t\t\t\t\t\t\t\t\t\t\t\t\t\t\t<a href=\"#\">\n\t\t\t\t\t\t\t<img decoding=\"async\" width=\"800\" height=\"800\" src=\"https:\/\/ryanhomepro.com\/wp-content\/uploads\/2024\/11\/Life-Testing-Machine2.jpg\" class=\"attachment-full size-full wp-image-17423\" alt=\"\" srcset=\"https:\/\/ryanhomepro.com\/wp-content\/uploads\/2024\/11\/Life-Testing-Machine2.jpg 800w, https:\/\/ryanhomepro.com\/wp-content\/uploads\/2024\/11\/Life-Testing-Machine2-300x300.jpg 300w, https:\/\/ryanhomepro.com\/wp-content\/uploads\/2024\/11\/Life-Testing-Machine2-150x150.jpg 150w, https:\/\/ryanhomepro.com\/wp-content\/uploads\/2024\/11\/Life-Testing-Machine2-768x768.jpg 768w, https:\/\/ryanhomepro.com\/wp-content\/uploads\/2024\/11\/Life-Testing-Machine2-12x12.jpg 12w, https:\/\/ryanhomepro.com\/wp-content\/uploads\/2024\/11\/Life-Testing-Machine2-430x430.jpg 430w, https:\/\/ryanhomepro.com\/wp-content\/uploads\/2024\/11\/Life-Testing-Machine2-700x700.jpg 700w\" sizes=\"(max-width: 800px) 100vw, 800px\" \/>\t\t\t\t\t\t\t\t<\/a>\n\t\t\t\t\t\t\t\t\t\t\t\t\t\t\t<\/div>\n\t\t\t\t<\/div>\n\t\t<div class=\"elementor-element elementor-element-ddaba85 e-con-full e-flex e-con e-child\" data-id=\"ddaba85\" data-element_type=\"container\" data-settings=\"{&quot;ekit_has_onepagescroll_dot&quot;:&quot;yes&quot;}\">\n\t\t\t\t<div class=\"elementor-element elementor-element-bbb83c0 elementor-widget elementor-widget-bdt-advanced-heading\" data-id=\"bbb83c0\" data-element_type=\"widget\" data-settings=\"{&quot;ekit_we_effect_on&quot;:&quot;none&quot;}\" data-widget_type=\"bdt-advanced-heading.default\">\n\t\t\t\t<div class=\"elementor-widget-container\">\n\t\t\t\t\t<div id=\"bbb83c0\" class=\"bdt-ep-advanced-heading\" data-settings=\"{&quot;titleMultiColor&quot;:&quot;no&quot;}\"><h2 class=\"bdt-ep-advanced-heading-title\"><span class=\"bdt-ep-advanced-heading-main-title\"><span class=\"bdt-ep-advanced-heading-main-title-inner\">Une riche \u00e9quipe de R&amp;D<\/span><\/span><\/h2><\/div>\t\t\t\t<\/div>\n\t\t\t\t<\/div>\n\t\t\t\t<div class=\"elementor-element elementor-element-2315ec8 color-scheme-inherit text-left elementor-widget elementor-widget-text-editor\" data-id=\"2315ec8\" data-element_type=\"widget\" data-settings=\"{&quot;ekit_we_effect_on&quot;:&quot;none&quot;}\" data-widget_type=\"text-editor.default\">\n\t\t\t\t<div class=\"elementor-widget-container\">\n\t\t\t\t\t\t\t\t\t<h2>De la recherche et du d\u00e9veloppement des appareils \u00e0 la fabrication des moules, en passant par la production et le traitement, chaque \u00e9tape de la fabrication des appareils \u00e9lectriques Ryanhome est rigoureusement contr\u00f4l\u00e9e par des ing\u00e9nieurs chevronn\u00e9s. L'ensemble de l'\u00e9quipe poss\u00e8de une riche exp\u00e9rience en mati\u00e8re de traitement des appareils.<\/h2>\t\t\t\t\t\t\t\t<\/div>\n\t\t\t\t<\/div>\n\t\t\t\t<\/div>\n\t\t<div class=\"elementor-element elementor-element-a52a649 e-con-full e-flex e-con e-child\" data-id=\"a52a649\" data-element_type=\"container\" data-settings=\"{&quot;ekit_has_onepagescroll_dot&quot;:&quot;yes&quot;}\">\n\t\t\t\t<div class=\"elementor-element elementor-element-5dab830 elementor-widget elementor-widget-bdt-advanced-heading\" data-id=\"5dab830\" data-element_type=\"widget\" data-settings=\"{&quot;ekit_we_effect_on&quot;:&quot;none&quot;}\" data-widget_type=\"bdt-advanced-heading.default\">\n\t\t\t\t<div class=\"elementor-widget-container\">\n\t\t\t\t\t<div id=\"5dab830\" class=\"bdt-ep-advanced-heading\" data-settings=\"{&quot;titleMultiColor&quot;:&quot;no&quot;}\"><h2 class=\"bdt-ep-advanced-heading-title\"><span class=\"bdt-ep-advanced-heading-main-title\"><span class=\"bdt-ep-advanced-heading-main-title-inner\">\u00c9quipement de test de production<\/span><\/span><\/h2><\/div>\t\t\t\t<\/div>\n\t\t\t\t<\/div>\n\t\t\t\t<div class=\"elementor-element elementor-element-31e47b9 color-scheme-inherit text-left elementor-widget elementor-widget-text-editor\" data-id=\"31e47b9\" data-element_type=\"widget\" data-settings=\"{&quot;ekit_we_effect_on&quot;:&quot;none&quot;}\" data-widget_type=\"text-editor.default\">\n\t\t\t\t<div class=\"elementor-widget-container\">\n\t\t\t\t\t\t\t\t\t<h2>Depuis le traitement du mat\u00e9riel, l'assemblage, la d\u00e9coupe, le moulage par injection jusqu'aux essais et \u00e0 l'emballage, des \u00e9quipements de production et d'essai avanc\u00e9s sont utilis\u00e9s pour garantir que les produits fabriqu\u00e9s r\u00e9pondent aux exigences de qualit\u00e9 \u00e9lev\u00e9es.<\/h2>\t\t\t\t\t\t\t\t<\/div>\n\t\t\t\t<\/div>\n\t\t\t\t<\/div>\n\t\t\t\t<div class=\"elementor-element elementor-element-975dbaa elementor-widget elementor-widget-image\" data-id=\"975dbaa\" data-element_type=\"widget\" data-settings=\"{&quot;ekit_we_effect_on&quot;:&quot;none&quot;}\" data-widget_type=\"image.default\">\n\t\t\t\t<div class=\"elementor-widget-container\">\n\t\t\t\t\t\t\t\t\t\t\t\t\t\t\t\t<a href=\"#\">\n\t\t\t\t\t\t\t<img decoding=\"async\" width=\"800\" height=\"800\" src=\"https:\/\/ryanhomepro.com\/wp-content\/uploads\/2024\/11\/Life-Testing-Machine.jpg\" class=\"attachment-full size-full wp-image-17422\" alt=\"\" srcset=\"https:\/\/ryanhomepro.com\/wp-content\/uploads\/2024\/11\/Life-Testing-Machine.jpg 800w, https:\/\/ryanhomepro.com\/wp-content\/uploads\/2024\/11\/Life-Testing-Machine-300x300.jpg 300w, https:\/\/ryanhomepro.com\/wp-content\/uploads\/2024\/11\/Life-Testing-Machine-150x150.jpg 150w, https:\/\/ryanhomepro.com\/wp-content\/uploads\/2024\/11\/Life-Testing-Machine-768x768.jpg 768w, https:\/\/ryanhomepro.com\/wp-content\/uploads\/2024\/11\/Life-Testing-Machine-12x12.jpg 12w, https:\/\/ryanhomepro.com\/wp-content\/uploads\/2024\/11\/Life-Testing-Machine-430x430.jpg 430w, https:\/\/ryanhomepro.com\/wp-content\/uploads\/2024\/11\/Life-Testing-Machine-700x700.jpg 700w\" sizes=\"(max-width: 800px) 100vw, 800px\" \/>\t\t\t\t\t\t\t\t<\/a>\n\t\t\t\t\t\t\t\t\t\t\t\t\t\t\t<\/div>\n\t\t\t\t<\/div>\n\t\t<div class=\"elementor-element elementor-element-3c0fdfd e-con-full e-flex e-con e-child\" data-id=\"3c0fdfd\" data-element_type=\"container\" data-settings=\"{&quot;ekit_has_onepagescroll_dot&quot;:&quot;yes&quot;}\">\n\t\t\t\t<div class=\"elementor-element elementor-element-cc84fd2 elementor-widget elementor-widget-image\" data-id=\"cc84fd2\" data-element_type=\"widget\" data-settings=\"{&quot;ekit_we_effect_on&quot;:&quot;none&quot;}\" data-widget_type=\"image.default\">\n\t\t\t\t<div class=\"elementor-widget-container\">\n\t\t\t\t\t\t\t\t\t\t\t\t\t\t\t\t<a href=\"#\">\n\t\t\t\t\t\t\t<img loading=\"lazy\" decoding=\"async\" width=\"800\" height=\"800\" src=\"https:\/\/ryanhomepro.com\/wp-content\/uploads\/2024\/11\/Assembling2.jpg\" class=\"attachment-full size-full wp-image-17384\" alt=\"\" srcset=\"https:\/\/ryanhomepro.com\/wp-content\/uploads\/2024\/11\/Assembling2.jpg 800w, https:\/\/ryanhomepro.com\/wp-content\/uploads\/2024\/11\/Assembling2-300x300.jpg 300w, https:\/\/ryanhomepro.com\/wp-content\/uploads\/2024\/11\/Assembling2-150x150.jpg 150w, https:\/\/ryanhomepro.com\/wp-content\/uploads\/2024\/11\/Assembling2-768x768.jpg 768w, https:\/\/ryanhomepro.com\/wp-content\/uploads\/2024\/11\/Assembling2-12x12.jpg 12w, https:\/\/ryanhomepro.com\/wp-content\/uploads\/2024\/11\/Assembling2-430x430.jpg 430w, https:\/\/ryanhomepro.com\/wp-content\/uploads\/2024\/11\/Assembling2-700x700.jpg 700w\" sizes=\"(max-width: 800px) 100vw, 800px\" \/>\t\t\t\t\t\t\t\t<\/a>\n\t\t\t\t\t\t\t\t\t\t\t\t\t\t\t<\/div>\n\t\t\t\t<\/div>\n\t\t\t\t<\/div>\n\t\t<div class=\"elementor-element elementor-element-ffeb83d e-con-full e-flex e-con e-child\" data-id=\"ffeb83d\" data-element_type=\"container\" data-settings=\"{&quot;ekit_has_onepagescroll_dot&quot;:&quot;yes&quot;}\">\n\t\t\t\t<div class=\"elementor-element elementor-element-0b858c5 elementor-widget elementor-widget-bdt-advanced-heading\" data-id=\"0b858c5\" data-element_type=\"widget\" data-settings=\"{&quot;ekit_we_effect_on&quot;:&quot;none&quot;}\" data-widget_type=\"bdt-advanced-heading.default\">\n\t\t\t\t<div class=\"elementor-widget-container\">\n\t\t\t\t\t<div id=\"0b858c5\" class=\"bdt-ep-advanced-heading\" data-settings=\"{&quot;titleMultiColor&quot;:&quot;no&quot;}\"><h2 class=\"bdt-ep-advanced-heading-title\"><span class=\"bdt-ep-advanced-heading-main-title\"><span class=\"bdt-ep-advanced-heading-main-title-inner\">Un personnel de production de qualit\u00e9<\/span><\/span><\/h2><\/div>\t\t\t\t<\/div>\n\t\t\t\t<\/div>\n\t\t\t\t<div class=\"elementor-element elementor-element-f66e020 color-scheme-inherit text-left elementor-widget elementor-widget-text-editor\" data-id=\"f66e020\" data-element_type=\"widget\" data-settings=\"{&quot;ekit_we_effect_on&quot;:&quot;none&quot;}\" data-widget_type=\"text-editor.default\">\n\t\t\t\t<div class=\"elementor-widget-container\">\n\t\t\t\t\t\t\t\t\t<h2>Avec la croissance rapide des activit\u00e9s et du personnel de production, l'entreprise a mis en place un syst\u00e8me de formation complet et a cr\u00e9\u00e9 un groupe de personnel de production professionnel de haute qualit\u00e9.<\/h2>\t\t\t\t\t\t\t\t<\/div>\n\t\t\t\t<\/div>\n\t\t\t\t<\/div>\n\t\t\t\t\t<\/div>\n\t\t\t\t<\/div>\n\t\t\t\t<section class=\"elementor-section elementor-top-section elementor-element elementor-element-53647495 elementor-section-stretched elementor-section-boxed elementor-section-height-default elementor-section-height-default\" data-id=\"53647495\" data-element_type=\"section\" data-settings=\"{&quot;stretch_section&quot;:&quot;section-stretched&quot;,&quot;ekit_has_onepagescroll_dot&quot;:&quot;yes&quot;}\">\n\t\t\t\t\t\t<div class=\"elementor-container elementor-column-gap-default\">\n\t\t\t\t\t<div class=\"elementor-column elementor-col-100 elementor-top-column elementor-element elementor-element-12558cde\" data-id=\"12558cde\" data-element_type=\"column\">\n\t\t\t<div class=\"elementor-widget-wrap elementor-element-populated\">\n\t\t\t\t\t\t<div class=\"elementor-element elementor-element-1ab6ea70 elementor-widget elementor-widget-elementskit-heading\" data-id=\"1ab6ea70\" data-element_type=\"widget\" data-settings=\"{&quot;ekit_we_effect_on&quot;:&quot;none&quot;}\" data-widget_type=\"elementskit-heading.default\">\n\t\t\t\t<div class=\"elementor-widget-container\">\n\t\t\t\t\t<div class=\"ekit-wid-con\" ><div class=\"ekit-heading elementskit-section-title-wraper text_center   ekit_heading_tablet-   ekit_heading_mobile-\"><h2 class=\"ekit-heading--title elementskit-section-title\">Contr\u00f4le strict de la qualit\u00e9 des produits<\/h2>\t\t\t\t<div class='ekit-heading__description'>\n\t\t\t\t\t<p>Ryanhome contr\u00f4le efficacement la qualit\u00e9 des produits, raccourcit le cycle de production et r\u00e9alise une conception RED de haut niveau pour les clients afin de r\u00e9pondre aux exigences des produits.<\/p>\n\t\t\t\t<\/div>\n\t\t\t<\/div><\/div>\t\t\t\t<\/div>\n\t\t\t\t<\/div>\n\t\t\t\t<section class=\"elementor-section elementor-inner-section elementor-element elementor-element-21d1811d elementor-section-full_width elementor-section-height-default elementor-section-height-default\" data-id=\"21d1811d\" data-element_type=\"section\" data-settings=\"{&quot;ekit_has_onepagescroll_dot&quot;:&quot;yes&quot;}\">\n\t\t\t\t\t\t<div class=\"elementor-container elementor-column-gap-default\">\n\t\t\t\t\t<div class=\"elementor-column elementor-col-25 elementor-inner-column elementor-element elementor-element-743ba93c\" data-id=\"743ba93c\" data-element_type=\"column\" data-settings=\"{&quot;background_background&quot;:&quot;classic&quot;}\">\n\t\t\t<div class=\"elementor-widget-wrap elementor-element-populated\">\n\t\t\t\t\t\t<div class=\"elementor-element elementor-element-56e04b1a elementor-widget elementor-widget-elementskit-heading\" data-id=\"56e04b1a\" data-element_type=\"widget\" data-settings=\"{&quot;ekit_we_effect_on&quot;:&quot;none&quot;}\" data-widget_type=\"elementskit-heading.default\">\n\t\t\t\t<div class=\"elementor-widget-container\">\n\t\t\t\t\t<div class=\"ekit-wid-con\" ><div class=\"ekit-heading elementskit-section-title-wraper text_center   ekit_heading_tablet-   ekit_heading_mobile-\"><h3 class=\"ekit-heading--title elementskit-section-title\">\u00c9tape01<\/h3>\t\t\t\t<div class='ekit-heading__description'>\n\t\t\t\t\t<h4>Conception et d\u00e9veloppement de produits<\/h4>\n\t\t\t\t<\/div>\n\t\t\t<\/div><\/div>\t\t\t\t<\/div>\n\t\t\t\t<\/div>\n\t\t\t\t\t<\/div>\n\t\t<\/div>\n\t\t\t\t<div class=\"elementor-column elementor-col-25 elementor-inner-column elementor-element elementor-element-2fbc2176\" data-id=\"2fbc2176\" data-element_type=\"column\" data-settings=\"{&quot;background_background&quot;:&quot;classic&quot;}\">\n\t\t\t<div class=\"elementor-widget-wrap elementor-element-populated\">\n\t\t\t\t\t\t<div class=\"elementor-element elementor-element-5f21929d elementor-widget elementor-widget-elementskit-heading\" data-id=\"5f21929d\" data-element_type=\"widget\" data-settings=\"{&quot;ekit_we_effect_on&quot;:&quot;none&quot;}\" data-widget_type=\"elementskit-heading.default\">\n\t\t\t\t<div class=\"elementor-widget-container\">\n\t\t\t\t\t<div class=\"ekit-wid-con\" ><div class=\"ekit-heading elementskit-section-title-wraper text_center   ekit_heading_tablet-   ekit_heading_mobile-\"><h3 class=\"ekit-heading--title elementskit-section-title\">\u00c9tape 02<\/h3>\t\t\t\t<div class='ekit-heading__description'>\n\t\t\t\t\t<h4>D\u00e9veloppement et fabrication de moules<\/h4>\n\t\t\t\t<\/div>\n\t\t\t<\/div><\/div>\t\t\t\t<\/div>\n\t\t\t\t<\/div>\n\t\t\t\t\t<\/div>\n\t\t<\/div>\n\t\t\t\t<div class=\"elementor-column elementor-col-25 elementor-inner-column elementor-element elementor-element-2e6511c3\" data-id=\"2e6511c3\" data-element_type=\"column\" data-settings=\"{&quot;background_background&quot;:&quot;classic&quot;}\">\n\t\t\t<div class=\"elementor-widget-wrap elementor-element-populated\">\n\t\t\t\t\t\t<div class=\"elementor-element elementor-element-45ee2ed3 elementor-widget elementor-widget-elementskit-heading\" data-id=\"45ee2ed3\" data-element_type=\"widget\" data-settings=\"{&quot;ekit_we_effect_on&quot;:&quot;none&quot;}\" data-widget_type=\"elementskit-heading.default\">\n\t\t\t\t<div class=\"elementor-widget-container\">\n\t\t\t\t\t<div class=\"ekit-wid-con\" ><div class=\"ekit-heading elementskit-section-title-wraper text_center   ekit_heading_tablet-   ekit_heading_mobile-\"><h3 class=\"ekit-heading--title elementskit-section-title\">\u00c9tape 03<\/h3>\t\t\t\t<div class='ekit-heading__description'>\n\t\t\t\t\t<h4>Production de pi\u00e8ces<\/h4>\n\t\t\t\t<\/div>\n\t\t\t<\/div><\/div>\t\t\t\t<\/div>\n\t\t\t\t<\/div>\n\t\t\t\t\t<\/div>\n\t\t<\/div>\n\t\t\t\t<div class=\"elementor-column elementor-col-25 elementor-inner-column elementor-element elementor-element-4c04f51f\" data-id=\"4c04f51f\" data-element_type=\"column\" data-settings=\"{&quot;background_background&quot;:&quot;classic&quot;}\">\n\t\t\t<div class=\"elementor-widget-wrap elementor-element-populated\">\n\t\t\t\t\t\t<div class=\"elementor-element elementor-element-48523e86 elementor-widget elementor-widget-elementskit-heading\" data-id=\"48523e86\" data-element_type=\"widget\" data-settings=\"{&quot;ekit_we_effect_on&quot;:&quot;none&quot;}\" data-widget_type=\"elementskit-heading.default\">\n\t\t\t\t<div class=\"elementor-widget-container\">\n\t\t\t\t\t<div class=\"ekit-wid-con\" ><div class=\"ekit-heading elementskit-section-title-wraper text_center   ekit_heading_tablet-   ekit_heading_mobile-\"><h3 class=\"ekit-heading--title elementskit-section-title\">\u00c9tape04<\/h3>\t\t\t\t<div class='ekit-heading__description'>\n\t\t\t\t\t<h4><span class=\"text-color-blue mm-editor-clipboard\">Assemblage de produits <\/span><span class=\"text-color-red\">et l'inspection de la qualit\u00e9<\/span><\/h4>\n\t\t\t\t<\/div>\n\t\t\t<\/div><\/div>\t\t\t\t<\/div>\n\t\t\t\t<\/div>\n\t\t\t\t\t<\/div>\n\t\t<\/div>\n\t\t\t\t\t<\/div>\n\t\t<\/section>\n\t\t\t\t\t<\/div>\n\t\t<\/div>\n\t\t\t\t\t<\/div>\n\t\t<\/section>\n\t\t<div class=\"elementor-element elementor-element-00dbc31 wd-section-stretch-content e-flex e-con-boxed e-con e-parent\" data-id=\"00dbc31\" data-element_type=\"container\" data-settings=\"{&quot;ekit_has_onepagescroll_dot&quot;:&quot;yes&quot;}\">\n\t\t\t\t\t<div class=\"e-con-inner\">\n\t\t\t\t<div class=\"elementor-element elementor-element-7114ab2 elementor-widget elementor-widget-gallery\" data-id=\"7114ab2\" data-element_type=\"widget\" data-settings=\"{&quot;columns&quot;:3,&quot;lazyload&quot;:&quot;yes&quot;,&quot;gallery_layout&quot;:&quot;grid&quot;,&quot;columns_tablet&quot;:2,&quot;columns_mobile&quot;:1,&quot;gap&quot;:{&quot;unit&quot;:&quot;px&quot;,&quot;size&quot;:10,&quot;sizes&quot;:[]},&quot;gap_tablet&quot;:{&quot;unit&quot;:&quot;px&quot;,&quot;size&quot;:10,&quot;sizes&quot;:[]},&quot;gap_mobile&quot;:{&quot;unit&quot;:&quot;px&quot;,&quot;size&quot;:10,&quot;sizes&quot;:[]},&quot;link_to&quot;:&quot;file&quot;,&quot;aspect_ratio&quot;:&quot;3:2&quot;,&quot;content_hover_animation&quot;:&quot;fade-in&quot;,&quot;ekit_we_effect_on&quot;:&quot;none&quot;}\" data-widget_type=\"gallery.default\">\n\t\t\t\t<div class=\"elementor-widget-container\">\n\t\t\t\t\t\t\t<div class=\"elementor-gallery__container\">\n\t\t\t\t\t\t\t<a class=\"e-gallery-item elementor-gallery-item elementor-animated-content\" href=\"https:\/\/ryanhomepro.com\/wp-content\/uploads\/2024\/11\/Life-Testing-Machine2.jpg\" data-elementor-open-lightbox=\"yes\" data-elementor-lightbox-slideshow=\"7114ab2\" data-elementor-lightbox-title=\"Life Testing Machine2\" data-e-action-hash=\"#elementor-action%3Aaction%3Dlightbox%26settings%3DeyJpZCI6MTc0MjMsInVybCI6Imh0dHBzOlwvXC9yeWFuaG9tZXByby5jb21cL3dwLWNvbnRlbnRcL3VwbG9hZHNcLzIwMjRcLzExXC9MaWZlLVRlc3RpbmctTWFjaGluZTIuanBnIiwic2xpZGVzaG93IjoiNzExNGFiMiJ9\">\n\t\t\t\t\t<div class=\"e-gallery-image elementor-gallery-item__image\" data-thumbnail=\"https:\/\/ryanhomepro.com\/wp-content\/uploads\/2024\/11\/Life-Testing-Machine2.jpg\" data-width=\"800\" data-height=\"800\" aria-label=\"\" role=\"img\" ><\/div>\n\t\t\t\t\t\t\t\t\t\t\t\t\t\t<\/a>\n\t\t\t\t\t\t\t<a class=\"e-gallery-item elementor-gallery-item elementor-animated-content\" href=\"https:\/\/ryanhomepro.com\/wp-content\/uploads\/2024\/11\/Noise-Testing-Area.jpg\" data-elementor-open-lightbox=\"yes\" data-elementor-lightbox-slideshow=\"7114ab2\" data-elementor-lightbox-title=\"Noise Testing Area\" data-e-action-hash=\"#elementor-action%3Aaction%3Dlightbox%26settings%3DeyJpZCI6MTc0MjQsInVybCI6Imh0dHBzOlwvXC9yeWFuaG9tZXByby5jb21cL3dwLWNvbnRlbnRcL3VwbG9hZHNcLzIwMjRcLzExXC9Ob2lzZS1UZXN0aW5nLUFyZWEuanBnIiwic2xpZGVzaG93IjoiNzExNGFiMiJ9\">\n\t\t\t\t\t<div class=\"e-gallery-image elementor-gallery-item__image\" data-thumbnail=\"https:\/\/ryanhomepro.com\/wp-content\/uploads\/2024\/11\/Noise-Testing-Area.jpg\" data-width=\"800\" data-height=\"800\" aria-label=\"\" role=\"img\" ><\/div>\n\t\t\t\t\t\t\t\t\t\t\t\t\t\t<\/a>\n\t\t\t\t\t\t\t<a class=\"e-gallery-item elementor-gallery-item elementor-animated-content\" href=\"https:\/\/ryanhomepro.com\/wp-content\/uploads\/2024\/11\/Leakage-Current-Tester.jpg\" data-elementor-open-lightbox=\"yes\" data-elementor-lightbox-slideshow=\"7114ab2\" data-elementor-lightbox-title=\"Leakage Current Tester\" data-e-action-hash=\"#elementor-action%3Aaction%3Dlightbox%26settings%3DeyJpZCI6MTc0MjEsInVybCI6Imh0dHBzOlwvXC9yeWFuaG9tZXByby5jb21cL3dwLWNvbnRlbnRcL3VwbG9hZHNcLzIwMjRcLzExXC9MZWFrYWdlLUN1cnJlbnQtVGVzdGVyLmpwZyIsInNsaWRlc2hvdyI6IjcxMTRhYjIifQ%3D%3D\">\n\t\t\t\t\t<div class=\"e-gallery-image elementor-gallery-item__image\" data-thumbnail=\"https:\/\/ryanhomepro.com\/wp-content\/uploads\/2024\/11\/Leakage-Current-Tester.jpg\" data-width=\"1600\" data-height=\"1600\" aria-label=\"\" role=\"img\" ><\/div>\n\t\t\t\t\t\t\t\t\t\t\t\t\t\t<\/a>\n\t\t\t\t\t<\/div>\n\t\t\t\t\t<\/div>\n\t\t\t\t<\/div>\n\t\t\t\t\t<\/div>\n\t\t\t\t<\/div>\n\t\t\t\t<\/div>","protected":false},"excerpt":{"rendered":"<p>Why Us Quality Control Strictly follow the ISO9001 quality management system to ensure product stability and service life. Rich R&amp;D<\/p>","protected":false},"author":1,"featured_media":0,"parent":0,"menu_order":0,"comment_status":"closed","ping_status":"closed","template":"","meta":{"footnotes":""},"class_list":["post-1637","page","type-page","status-publish","hentry"],"_links":{"self":[{"href":"https:\/\/ryanhomepro.com\/fr\/wp-json\/wp\/v2\/pages\/1637"}],"collection":[{"href":"https:\/\/ryanhomepro.com\/fr\/wp-json\/wp\/v2\/pages"}],"about":[{"href":"https:\/\/ryanhomepro.com\/fr\/wp-json\/wp\/v2\/types\/page"}],"author":[{"embeddable":true,"href":"https:\/\/ryanhomepro.com\/fr\/wp-json\/wp\/v2\/users\/1"}],"replies":[{"embeddable":true,"href":"https:\/\/ryanhomepro.com\/fr\/wp-json\/wp\/v2\/comments?post=1637"}],"version-history":[{"count":55,"href":"https:\/\/ryanhomepro.com\/fr\/wp-json\/wp\/v2\/pages\/1637\/revisions"}],"predecessor-version":[{"id":18102,"href":"https:\/\/ryanhomepro.com\/fr\/wp-json\/wp\/v2\/pages\/1637\/revisions\/18102"}],"wp:attachment":[{"href":"https:\/\/ryanhomepro.com\/fr\/wp-json\/wp\/v2\/media?parent=1637"}],"curies":[{"name":"wp","href":"https:\/\/api.w.org\/{rel}","templated":true}]}}