{"id":16709,"date":"2024-10-22T23:28:26","date_gmt":"2024-10-22T23:28:26","guid":{"rendered":"https:\/\/ryanhomepro.com\/?post_type=product&#038;p=16709"},"modified":"2024-11-03T18:24:51","modified_gmt":"2024-11-03T18:24:51","slug":"1350w-20-bar-pump-powerful-milk-frother-tank-maker-single-double-shot-automatic-cappuccino-espresso-coffee-machine","status":"publish","type":"product","link":"https:\/\/ryanhomepro.com\/fi\/tuote\/1350w-20-bar-pump-powerful-milk-frother-tank-maker-single-double-shot-automatic-cappuccino-espresso-coffee-machine\/","title":{"rendered":"1350W 20 Bar pumppu ja tehokas maidon vaahdotin s\u00e4ili\u00f6kone Yhden ja kaksinkertaisen laukauksen automaattinen Cappuccino Espresso kahvinkeitin"},"content":{"rendered":"<h4 style=\"text-align: left;\"><span class=\"content mubu-node\">Overv<\/span>iew<\/h4>\n<h4 style=\"text-align: left;\"><span class=\"content mubu-node\">Tekniset tiedot<\/span><\/h4>\n<h4 style=\"text-align: left;\"><span class=\"content mubu-node\">Materiaali: Ruostumaton ter\u00e4s<\/span><\/h4>\n<h4 style=\"text-align: left;\"><span class=\"content mubu-node\">Ominaisuudet: Kahvinkeitin<\/span><\/h4>\n<h4 style=\"text-align: left;\"><span class=\"content mubu-node\">Tuotteen koko: H352mm.<\/span><\/h4>\n<h4 style=\"text-align: left;\"><span class=\"content mubu-node\">Alkuper\u00e4paikka: CHINA<\/span><\/h4>\n<h4 style=\"text-align: left;\"><span class=\"content mubu-node\">Mallinumero: KC301<\/span><\/h4>\n<h4 style=\"text-align: left;\"><span class=\"content mubu-node\">Teho (W): 1000w<\/span><\/h4>\n<h4 style=\"text-align: left;\"><span class=\"content mubu-node\">J\u00e4nnite (V): 120V\/220V<\/span><\/h4>\n<h4 style=\"text-align: left;\"><span class=\"content mubu-node\">Nettopaino: 1.2kg<\/span><\/h4>\n<h4 style=\"text-align: left;\"><span class=\"content mubu-node\">Pakkaus ja toimitus<\/span><\/h4>\n<h4 style=\"text-align: left;\"><span class=\"content mubu-node\">V\u00e4ri Laatikko (cm): H362mm: L258 *W168 *H362mm<\/span><\/h4>\n<h4 style=\"text-align: left;\"><span class=\"content mubu-node\">M\u00e4\u00e4r\u00e4\/ctn: 4 kpl<\/span><\/h4>\n<h4 style=\"text-align: left;\"><span class=\"content mubu-node\">Ctn Koko (cm): H374mm: L530 *W350 *H374mm<\/span><\/h4>\n<h4 style=\"text-align: left;\"><span class=\"content mubu-node\">Paino tonnia kohti (kg): kg (kg): 9.2kg<\/span><\/h4>\n<h4 style=\"text-align: left;\"><span class=\"content mubu-node\">N.W.per ctn(kgs): kg (kg): 8kg<\/span><\/h4>\n<h4 style=\"text-align: left;\"><span class=\"content mubu-node\">Packing in containers: 20&#8217;GP:1440pcs;40&#8217;GP:3170pcs;40&#8217;HQ:3740pcs\u00a0 <\/span><span class=\"content mubu-node\">\u00a0 \u00a0<\/span><\/h4>\n<p><img fetchpriority=\"high\" decoding=\"async\" class=\"alignleft wp-image-16942\" src=\"https:\/\/ryanhomepro.com\/wp-content\/uploads\/2024\/10\/\u4e3b\u56fe_2-4.jpg\" alt=\"\" width=\"750\" height=\"750\" srcset=\"https:\/\/ryanhomepro.com\/wp-content\/uploads\/2024\/10\/\u4e3b\u56fe_2-4.jpg 800w, https:\/\/ryanhomepro.com\/wp-content\/uploads\/2024\/10\/\u4e3b\u56fe_2-4-300x300.jpg 300w, https:\/\/ryanhomepro.com\/wp-content\/uploads\/2024\/10\/\u4e3b\u56fe_2-4-150x150.jpg 150w, https:\/\/ryanhomepro.com\/wp-content\/uploads\/2024\/10\/\u4e3b\u56fe_2-4-768x768.jpg 768w, https:\/\/ryanhomepro.com\/wp-content\/uploads\/2024\/10\/\u4e3b\u56fe_2-4-12x12.jpg 12w, https:\/\/ryanhomepro.com\/wp-content\/uploads\/2024\/10\/\u4e3b\u56fe_2-4-430x430.jpg 430w, https:\/\/ryanhomepro.com\/wp-content\/uploads\/2024\/10\/\u4e3b\u56fe_2-4-700x700.jpg 700w\" sizes=\"(max-width: 750px) 100vw, 750px\" \/><img decoding=\"async\" class=\"alignleft wp-image-16943\" src=\"https:\/\/ryanhomepro.com\/wp-content\/uploads\/2024\/10\/\u4e3b\u56fe_3-4.jpg\" alt=\"\" width=\"750\" height=\"750\" srcset=\"https:\/\/ryanhomepro.com\/wp-content\/uploads\/2024\/10\/\u4e3b\u56fe_3-4.jpg 800w, https:\/\/ryanhomepro.com\/wp-content\/uploads\/2024\/10\/\u4e3b\u56fe_3-4-300x300.jpg 300w, https:\/\/ryanhomepro.com\/wp-content\/uploads\/2024\/10\/\u4e3b\u56fe_3-4-150x150.jpg 150w, https:\/\/ryanhomepro.com\/wp-content\/uploads\/2024\/10\/\u4e3b\u56fe_3-4-768x768.jpg 768w, https:\/\/ryanhomepro.com\/wp-content\/uploads\/2024\/10\/\u4e3b\u56fe_3-4-12x12.jpg 12w, https:\/\/ryanhomepro.com\/wp-content\/uploads\/2024\/10\/\u4e3b\u56fe_3-4-430x430.jpg 430w, https:\/\/ryanhomepro.com\/wp-content\/uploads\/2024\/10\/\u4e3b\u56fe_3-4-700x700.jpg 700w\" sizes=\"(max-width: 750px) 100vw, 750px\" \/><img decoding=\"async\" class=\"alignleft wp-image-16944\" src=\"https:\/\/ryanhomepro.com\/wp-content\/uploads\/2024\/10\/\u4e3b\u56fe_4-4.jpg\" alt=\"\" width=\"750\" height=\"750\" srcset=\"https:\/\/ryanhomepro.com\/wp-content\/uploads\/2024\/10\/\u4e3b\u56fe_4-4.jpg 800w, https:\/\/ryanhomepro.com\/wp-content\/uploads\/2024\/10\/\u4e3b\u56fe_4-4-300x300.jpg 300w, https:\/\/ryanhomepro.com\/wp-content\/uploads\/2024\/10\/\u4e3b\u56fe_4-4-150x150.jpg 150w, https:\/\/ryanhomepro.com\/wp-content\/uploads\/2024\/10\/\u4e3b\u56fe_4-4-768x768.jpg 768w, https:\/\/ryanhomepro.com\/wp-content\/uploads\/2024\/10\/\u4e3b\u56fe_4-4-12x12.jpg 12w, https:\/\/ryanhomepro.com\/wp-content\/uploads\/2024\/10\/\u4e3b\u56fe_4-4-430x430.jpg 430w, https:\/\/ryanhomepro.com\/wp-content\/uploads\/2024\/10\/\u4e3b\u56fe_4-4-700x700.jpg 700w\" sizes=\"(max-width: 750px) 100vw, 750px\" \/><img loading=\"lazy\" decoding=\"async\" class=\"alignleft wp-image-16945\" src=\"https:\/\/ryanhomepro.com\/wp-content\/uploads\/2024\/10\/\u4e3b\u56fe_5-2.jpg\" alt=\"\" width=\"750\" height=\"750\" srcset=\"https:\/\/ryanhomepro.com\/wp-content\/uploads\/2024\/10\/\u4e3b\u56fe_5-2.jpg 800w, https:\/\/ryanhomepro.com\/wp-content\/uploads\/2024\/10\/\u4e3b\u56fe_5-2-300x300.jpg 300w, https:\/\/ryanhomepro.com\/wp-content\/uploads\/2024\/10\/\u4e3b\u56fe_5-2-150x150.jpg 150w, https:\/\/ryanhomepro.com\/wp-content\/uploads\/2024\/10\/\u4e3b\u56fe_5-2-768x768.jpg 768w, https:\/\/ryanhomepro.com\/wp-content\/uploads\/2024\/10\/\u4e3b\u56fe_5-2-12x12.jpg 12w, https:\/\/ryanhomepro.com\/wp-content\/uploads\/2024\/10\/\u4e3b\u56fe_5-2-430x430.jpg 430w, https:\/\/ryanhomepro.com\/wp-content\/uploads\/2024\/10\/\u4e3b\u56fe_5-2-700x700.jpg 700w\" sizes=\"(max-width: 750px) 100vw, 750px\" \/><\/p>","protected":false},"excerpt":{"rendered":"<div data-v-4bf0ee25=\"\">\n<h4><span style=\"color: #0000ff;\">Toimitusaika 7-15 p\u00e4iv\u00e4\u00e4<\/span><\/h4>\n<\/div>\n<h4><span style=\"color: #0000ff;\">US$ 65.9.9 - 67.8 \/ 1 kappaletta<\/span><\/h4>\n<h4><span style=\"color: #0000ff;\">1 kpl Minimitilaus<\/span><\/h4>\n<h4><span style=\"color: #0000ff;\">M\u00e4\u00e4r\u00e4 FOB-hinta<\/span><\/h4>\n<h4><span style=\"color: #0000ff;\">1000-2999 kappaletta US$ 67.8<\/span><\/h4>\n<h4><span style=\"color: #0000ff;\">3000-4999 kappaletta US$ 67.1<\/span><\/h4>\n<h4><span style=\"color: #0000ff;\">5000-9999 kappaletta US$ 66.5<\/span><\/h4>\n<h4><span style=\"color: #0000ff;\">\u226510000 kappaletta US$ 65.9<\/span><\/h4>","protected":false},"featured_media":16939,"comment_status":"open","ping_status":"closed","template":"","meta":[],"product_brand":[],"product_cat":[100,103],"product_tag":[],"class_list":{"0":"post-16709","1":"product","2":"type-product","3":"status-publish","4":"has-post-thumbnail","6":"product_cat-coffee-machine","7":"product_cat-espresso-coffee-machine","9":"first","10":"instock","11":"shipping-taxable","12":"product-type-simple"},"_links":{"self":[{"href":"https:\/\/ryanhomepro.com\/fi\/wp-json\/wp\/v2\/product\/16709"}],"collection":[{"href":"https:\/\/ryanhomepro.com\/fi\/wp-json\/wp\/v2\/product"}],"about":[{"href":"https:\/\/ryanhomepro.com\/fi\/wp-json\/wp\/v2\/types\/product"}],"replies":[{"embeddable":true,"href":"https:\/\/ryanhomepro.com\/fi\/wp-json\/wp\/v2\/comments?post=16709"}],"version-history":[{"count":15,"href":"https:\/\/ryanhomepro.com\/fi\/wp-json\/wp\/v2\/product\/16709\/revisions"}],"predecessor-version":[{"id":16958,"href":"https:\/\/ryanhomepro.com\/fi\/wp-json\/wp\/v2\/product\/16709\/revisions\/16958"}],"wp:featuredmedia":[{"embeddable":true,"href":"https:\/\/ryanhomepro.com\/fi\/wp-json\/wp\/v2\/media\/16939"}],"wp:attachment":[{"href":"https:\/\/ryanhomepro.com\/fi\/wp-json\/wp\/v2\/media?parent=16709"}],"wp:term":[{"taxonomy":"product_brand","embeddable":true,"href":"https:\/\/ryanhomepro.com\/fi\/wp-json\/wp\/v2\/product_brand?post=16709"},{"taxonomy":"product_cat","embeddable":true,"href":"https:\/\/ryanhomepro.com\/fi\/wp-json\/wp\/v2\/product_cat?post=16709"},{"taxonomy":"product_tag","embeddable":true,"href":"https:\/\/ryanhomepro.com\/fi\/wp-json\/wp\/v2\/product_tag?post=16709"}],"curies":[{"name":"wp","href":"https:\/\/api.w.org\/{rel}","templated":true}]}}