{"id":1508,"date":"2024-08-26T07:30:49","date_gmt":"2024-08-26T07:30:49","guid":{"rendered":"https:\/\/ryanhomepro.com\/?post_type=product&#038;p=1508"},"modified":"2024-11-05T16:20:24","modified_gmt":"2024-11-05T16:20:24","slug":"gold-strong-suction-high-quality-professional-vacuum-cleaner-for-hard-floors-carpet-pet-hair","status":"publish","type":"product","link":"https:\/\/ryanhomepro.com\/fi\/tuote\/gold-strong-suction-high-quality-professional-vacuum-cleaner-for-hard-floors-carpet-pet-hair\/","title":{"rendered":"Gold vahva imu korkealaatuinen Professional p\u00f6lynimuri koville lattioille matto Pet Hair"},"content":{"rendered":"<h2>Miksi valita leip\u00e4kone?<\/h2>\n<p>Jos rakastat vastaleivotun leiv\u00e4n tuoksua, joka leijailee kotonasi, leip\u00e4kone on loistava lis\u00e4 keitti\u00f6\u00f6si! N\u00e4iden monik\u00e4ytt\u00f6isten koneiden avulla voit nauttia kotitekoisesta leiv\u00e4st\u00e4 pienell\u00e4 vaivalla. Ei en\u00e4\u00e4 vaivaamista tai oikean l\u00e4mp\u00f6tilan arvaamista; lis\u00e4\u00e4 vain ainekset ja anna taikuuden tapahtua.<\/p>\n<h2>Ominaisuudet, jotka tekev\u00e4t leipomisesta helppoa<\/h2>\n<p>Nykyaikaisissa leip\u00e4koneissa on runsaasti ominaisuuksia, kuten ohjelmoitavat asetukset, useita kuorivaihtoehtoja ja jopa gluteenittomia ohjelmia. Piditp\u00e4 sitten klassisesta valkoisesta leiv\u00e4st\u00e4 tai t\u00e4ysjyv\u00e4leiv\u00e4st\u00e4, jokaiselle l\u00f6ytyy sopiva asetus. Nauti siit\u00e4, ett\u00e4 voit luoda makusi mukaan r\u00e4\u00e4t\u00e4l\u00f6ityj\u00e4 herkullisia leipi\u00e4.<\/p>\n<h2>T\u00e4ydellinen kaikille!<\/h2>\n<p>Olitpa sitten aloitteleva leipuri tai kokenut ammattilainen, leip\u00e4koneet voivat parantaa leipomistaitojasi. Ne tarjoavat helpon ja sotkuisen tavan nauttia lempileipi\u00e4si. Nauti kotileivonnan iloista ja herkuttele l\u00e4mpim\u00e4ll\u00e4, herkullisella leiv\u00e4ll\u00e4, joka on tehty juuri sinun makuusi!<\/p>\n<p><img fetchpriority=\"high\" decoding=\"async\" class=\"alignnone size-medium wp-image-17084\" src=\"https:\/\/ryanhomepro.com\/wp-content\/uploads\/2024\/08\/\u4e3b\u56fe_1-7-300x300.jpg\" alt=\"\" width=\"300\" height=\"300\" srcset=\"https:\/\/ryanhomepro.com\/wp-content\/uploads\/2024\/08\/\u4e3b\u56fe_1-7-300x300.jpg 300w, https:\/\/ryanhomepro.com\/wp-content\/uploads\/2024\/08\/\u4e3b\u56fe_1-7-800x800.jpg 800w, https:\/\/ryanhomepro.com\/wp-content\/uploads\/2024\/08\/\u4e3b\u56fe_1-7-150x150.jpg 150w, https:\/\/ryanhomepro.com\/wp-content\/uploads\/2024\/08\/\u4e3b\u56fe_1-7-768x768.jpg 768w, https:\/\/ryanhomepro.com\/wp-content\/uploads\/2024\/08\/\u4e3b\u56fe_1-7-12x12.jpg 12w, https:\/\/ryanhomepro.com\/wp-content\/uploads\/2024\/08\/\u4e3b\u56fe_1-7-860x860.jpg 860w, https:\/\/ryanhomepro.com\/wp-content\/uploads\/2024\/08\/\u4e3b\u56fe_1-7-430x430.jpg 430w, https:\/\/ryanhomepro.com\/wp-content\/uploads\/2024\/08\/\u4e3b\u56fe_1-7-700x700.jpg 700w, https:\/\/ryanhomepro.com\/wp-content\/uploads\/2024\/08\/\u4e3b\u56fe_1-7.jpg 1000w\" sizes=\"(max-width: 300px) 100vw, 300px\" \/> <img decoding=\"async\" class=\"alignnone size-medium wp-image-17085\" src=\"https:\/\/ryanhomepro.com\/wp-content\/uploads\/2024\/08\/\u4e3b\u56fe_2-7-300x300.jpg\" alt=\"\" width=\"300\" height=\"300\" srcset=\"https:\/\/ryanhomepro.com\/wp-content\/uploads\/2024\/08\/\u4e3b\u56fe_2-7-300x300.jpg 300w, https:\/\/ryanhomepro.com\/wp-content\/uploads\/2024\/08\/\u4e3b\u56fe_2-7-800x800.jpg 800w, https:\/\/ryanhomepro.com\/wp-content\/uploads\/2024\/08\/\u4e3b\u56fe_2-7-150x150.jpg 150w, https:\/\/ryanhomepro.com\/wp-content\/uploads\/2024\/08\/\u4e3b\u56fe_2-7-768x768.jpg 768w, https:\/\/ryanhomepro.com\/wp-content\/uploads\/2024\/08\/\u4e3b\u56fe_2-7-12x12.jpg 12w, https:\/\/ryanhomepro.com\/wp-content\/uploads\/2024\/08\/\u4e3b\u56fe_2-7-860x860.jpg 860w, https:\/\/ryanhomepro.com\/wp-content\/uploads\/2024\/08\/\u4e3b\u56fe_2-7-430x430.jpg 430w, https:\/\/ryanhomepro.com\/wp-content\/uploads\/2024\/08\/\u4e3b\u56fe_2-7-700x700.jpg 700w, https:\/\/ryanhomepro.com\/wp-content\/uploads\/2024\/08\/\u4e3b\u56fe_2-7.jpg 1000w\" sizes=\"(max-width: 300px) 100vw, 300px\" \/> <img decoding=\"async\" class=\"alignnone size-medium wp-image-17086\" src=\"https:\/\/ryanhomepro.com\/wp-content\/uploads\/2024\/08\/\u4e3b\u56fe_4-7-300x300.jpg\" alt=\"\" width=\"300\" height=\"300\" srcset=\"https:\/\/ryanhomepro.com\/wp-content\/uploads\/2024\/08\/\u4e3b\u56fe_4-7-300x300.jpg 300w, https:\/\/ryanhomepro.com\/wp-content\/uploads\/2024\/08\/\u4e3b\u56fe_4-7-800x800.jpg 800w, https:\/\/ryanhomepro.com\/wp-content\/uploads\/2024\/08\/\u4e3b\u56fe_4-7-150x150.jpg 150w, https:\/\/ryanhomepro.com\/wp-content\/uploads\/2024\/08\/\u4e3b\u56fe_4-7-768x768.jpg 768w, https:\/\/ryanhomepro.com\/wp-content\/uploads\/2024\/08\/\u4e3b\u56fe_4-7-12x12.jpg 12w, https:\/\/ryanhomepro.com\/wp-content\/uploads\/2024\/08\/\u4e3b\u56fe_4-7-860x860.jpg 860w, https:\/\/ryanhomepro.com\/wp-content\/uploads\/2024\/08\/\u4e3b\u56fe_4-7-430x430.jpg 430w, https:\/\/ryanhomepro.com\/wp-content\/uploads\/2024\/08\/\u4e3b\u56fe_4-7-700x700.jpg 700w, https:\/\/ryanhomepro.com\/wp-content\/uploads\/2024\/08\/\u4e3b\u56fe_4-7.jpg 1000w\" sizes=\"(max-width: 300px) 100vw, 300px\" \/> <img loading=\"lazy\" decoding=\"async\" class=\"alignnone size-medium wp-image-17087\" src=\"https:\/\/ryanhomepro.com\/wp-content\/uploads\/2024\/08\/\u4e3b\u56fe_5-7-300x300.jpg\" alt=\"\" width=\"300\" height=\"300\" srcset=\"https:\/\/ryanhomepro.com\/wp-content\/uploads\/2024\/08\/\u4e3b\u56fe_5-7-300x300.jpg 300w, https:\/\/ryanhomepro.com\/wp-content\/uploads\/2024\/08\/\u4e3b\u56fe_5-7-800x800.jpg 800w, https:\/\/ryanhomepro.com\/wp-content\/uploads\/2024\/08\/\u4e3b\u56fe_5-7-150x150.jpg 150w, https:\/\/ryanhomepro.com\/wp-content\/uploads\/2024\/08\/\u4e3b\u56fe_5-7-768x768.jpg 768w, https:\/\/ryanhomepro.com\/wp-content\/uploads\/2024\/08\/\u4e3b\u56fe_5-7-12x12.jpg 12w, https:\/\/ryanhomepro.com\/wp-content\/uploads\/2024\/08\/\u4e3b\u56fe_5-7-860x860.jpg 860w, https:\/\/ryanhomepro.com\/wp-content\/uploads\/2024\/08\/\u4e3b\u56fe_5-7-430x430.jpg 430w, https:\/\/ryanhomepro.com\/wp-content\/uploads\/2024\/08\/\u4e3b\u56fe_5-7-700x700.jpg 700w, https:\/\/ryanhomepro.com\/wp-content\/uploads\/2024\/08\/\u4e3b\u56fe_5-7.jpg 1000w\" sizes=\"(max-width: 300px) 100vw, 300px\" \/><\/p>","protected":false},"excerpt":{"rendered":"<div data-v-4bf0ee25=\"\">\n<h4>Toimitusaika 7-15 p\u00e4iv\u00e4\u00e4<\/h4>\n<\/div>\n<h4>US$ 65.9.9 - 67.8 \/ 1 kappaletta<\/h4>\n<h4>1 kpl Minimitilaus<\/h4>\n<h4>M\u00e4\u00e4r\u00e4 FOB-hinta<\/h4>\n<h4>1000-2999 kappaletta US$ 67.8<\/h4>\n<h4>3000-4999 kappaletta US$ 67.1<\/h4>\n<h4>5000-9999 kappaletta US$ 66.5<\/h4>\n<h4>\u226510000 kappaletta US$ 65.9<\/h4>","protected":false},"featured_media":17084,"comment_status":"open","ping_status":"closed","template":"","meta":[],"product_brand":[],"product_cat":[187],"product_tag":[],"class_list":{"0":"post-1508","1":"product","2":"type-product","3":"status-publish","4":"has-post-thumbnail","6":"product_cat-cleaning-appliances","8":"first","9":"instock","10":"shipping-taxable","11":"product-type-simple"},"_links":{"self":[{"href":"https:\/\/ryanhomepro.com\/fi\/wp-json\/wp\/v2\/product\/1508"}],"collection":[{"href":"https:\/\/ryanhomepro.com\/fi\/wp-json\/wp\/v2\/product"}],"about":[{"href":"https:\/\/ryanhomepro.com\/fi\/wp-json\/wp\/v2\/types\/product"}],"replies":[{"embeddable":true,"href":"https:\/\/ryanhomepro.com\/fi\/wp-json\/wp\/v2\/comments?post=1508"}],"version-history":[{"count":2,"href":"https:\/\/ryanhomepro.com\/fi\/wp-json\/wp\/v2\/product\/1508\/revisions"}],"predecessor-version":[{"id":17088,"href":"https:\/\/ryanhomepro.com\/fi\/wp-json\/wp\/v2\/product\/1508\/revisions\/17088"}],"wp:featuredmedia":[{"embeddable":true,"href":"https:\/\/ryanhomepro.com\/fi\/wp-json\/wp\/v2\/media\/17084"}],"wp:attachment":[{"href":"https:\/\/ryanhomepro.com\/fi\/wp-json\/wp\/v2\/media?parent=1508"}],"wp:term":[{"taxonomy":"product_brand","embeddable":true,"href":"https:\/\/ryanhomepro.com\/fi\/wp-json\/wp\/v2\/product_brand?post=1508"},{"taxonomy":"product_cat","embeddable":true,"href":"https:\/\/ryanhomepro.com\/fi\/wp-json\/wp\/v2\/product_cat?post=1508"},{"taxonomy":"product_tag","embeddable":true,"href":"https:\/\/ryanhomepro.com\/fi\/wp-json\/wp\/v2\/product_tag?post=1508"}],"curies":[{"name":"wp","href":"https:\/\/api.w.org\/{rel}","templated":true}]}}