{"id":1492,"date":"2024-08-26T07:16:26","date_gmt":"2024-08-26T07:16:26","guid":{"rendered":"https:\/\/ryanhomepro.com\/?post_type=product&#038;p=1492"},"modified":"2024-11-05T12:54:57","modified_gmt":"2024-11-05T12:54:57","slug":"colet-new-arrival-5-touch-screen-19-beverages-latte-cappuccino-espresso-fully-automatic-coffee-machine","status":"publish","type":"product","link":"https:\/\/ryanhomepro.com\/fi\/tuote\/colet-new-arrival-5-touch-screen-19-beverages-latte-cappuccino-espresso-fully-automatic-coffee-machine\/","title":{"rendered":"Colet New Arrival 5 \"kosketusn\u00e4ytt\u00f6 19 juomat Latte Cappuccino Espresso T\u00e4ysin automaattinen kahvinkeitin"},"content":{"rendered":"<h4><span class=\"content mubu-node\">Tekniset tiedot<\/span><\/h4>\n<h4><span class=\"content mubu-node\">Materiaali: Ruostumaton ter\u00e4s<\/span><\/h4>\n<h4><span class=\"content mubu-node\">Ominaisuudet: Kahvinkeitin<\/span><\/h4>\n<h4><span class=\"content mubu-node\">Tuotteen koko: H352mm.<\/span><\/h4>\n<h4><span class=\"content mubu-node\">Alkuper\u00e4paikka: CHINA<\/span><\/h4>\n<h4><span class=\"content mubu-node\">Mallinumero: KC301<\/span><\/h4>\n<h4><span class=\"content mubu-node\">Teho (W): 1000w<\/span><\/h4>\n<h4><span class=\"content mubu-node\">J\u00e4nnite (V): 120V\/220V<\/span><\/h4>\n<h4><span class=\"content mubu-node\">Nettopaino: 1.2kg<\/span><\/h4>\n<h4><span class=\"content mubu-node\">Pakkaus ja toimitus<\/span><\/h4>\n<h4><span class=\"content mubu-node\">V\u00e4ri Laatikko (cm): H362mm: L258 *W168 *H362mm<\/span><\/h4>\n<h4><span class=\"content mubu-node\">M\u00e4\u00e4r\u00e4\/ctn: 4 kpl<\/span><\/h4>\n<h4><span class=\"content mubu-node\">Ctn Koko (cm): H374mm: L530 *W350 *H374mm<\/span><\/h4>\n<h4><span class=\"content mubu-node\">Paino tonnia kohti (kg): kg (kg): 9.2kg<\/span><\/h4>\n<h4><span class=\"content mubu-node\">N.W.per ctn(kgs): kg (kg): 8kg<\/span><\/h4>\n<h4><span class=\"content mubu-node\">Pakkaus kontteihin: 20'GP: 1440kpl; 40'GP: 3170kpl; 40'HQ: 3740kpl.\u00a0\u00a0<\/span><span class=\"content mubu-node\">\u00a0<\/span><\/h4>\n<p><img fetchpriority=\"high\" decoding=\"async\" class=\"alignnone wp-image-17022\" src=\"https:\/\/ryanhomepro.com\/wp-content\/uploads\/2024\/08\/2-300x300.jpg\" alt=\"\" width=\"750\" height=\"750\" srcset=\"https:\/\/ryanhomepro.com\/wp-content\/uploads\/2024\/08\/2-300x300.jpg 300w, https:\/\/ryanhomepro.com\/wp-content\/uploads\/2024\/08\/2-150x150.jpg 150w, https:\/\/ryanhomepro.com\/wp-content\/uploads\/2024\/08\/2-768x768.jpg 768w, https:\/\/ryanhomepro.com\/wp-content\/uploads\/2024\/08\/2-12x12.jpg 12w, https:\/\/ryanhomepro.com\/wp-content\/uploads\/2024\/08\/2-430x430.jpg 430w, https:\/\/ryanhomepro.com\/wp-content\/uploads\/2024\/08\/2-700x700.jpg 700w, https:\/\/ryanhomepro.com\/wp-content\/uploads\/2024\/08\/2.jpg 800w\" sizes=\"(max-width: 750px) 100vw, 750px\" \/> <img decoding=\"async\" class=\"alignnone wp-image-17026\" src=\"https:\/\/ryanhomepro.com\/wp-content\/uploads\/2024\/08\/6-300x300.jpg\" alt=\"\" width=\"750\" height=\"750\" srcset=\"https:\/\/ryanhomepro.com\/wp-content\/uploads\/2024\/08\/6-300x300.jpg 300w, https:\/\/ryanhomepro.com\/wp-content\/uploads\/2024\/08\/6-150x150.jpg 150w, https:\/\/ryanhomepro.com\/wp-content\/uploads\/2024\/08\/6-768x768.jpg 768w, https:\/\/ryanhomepro.com\/wp-content\/uploads\/2024\/08\/6-12x12.jpg 12w, https:\/\/ryanhomepro.com\/wp-content\/uploads\/2024\/08\/6-430x430.jpg 430w, https:\/\/ryanhomepro.com\/wp-content\/uploads\/2024\/08\/6-700x700.jpg 700w, https:\/\/ryanhomepro.com\/wp-content\/uploads\/2024\/08\/6.jpg 800w\" sizes=\"(max-width: 750px) 100vw, 750px\" \/> <img decoding=\"async\" class=\"alignnone wp-image-17025\" src=\"https:\/\/ryanhomepro.com\/wp-content\/uploads\/2024\/08\/5-300x300.jpg\" alt=\"\" width=\"750\" height=\"750\" srcset=\"https:\/\/ryanhomepro.com\/wp-content\/uploads\/2024\/08\/5-300x300.jpg 300w, https:\/\/ryanhomepro.com\/wp-content\/uploads\/2024\/08\/5-150x150.jpg 150w, https:\/\/ryanhomepro.com\/wp-content\/uploads\/2024\/08\/5-768x768.jpg 768w, https:\/\/ryanhomepro.com\/wp-content\/uploads\/2024\/08\/5-12x12.jpg 12w, https:\/\/ryanhomepro.com\/wp-content\/uploads\/2024\/08\/5-430x430.jpg 430w, https:\/\/ryanhomepro.com\/wp-content\/uploads\/2024\/08\/5-700x700.jpg 700w, https:\/\/ryanhomepro.com\/wp-content\/uploads\/2024\/08\/5.jpg 800w\" sizes=\"(max-width: 750px) 100vw, 750px\" \/> <img loading=\"lazy\" decoding=\"async\" class=\"alignnone wp-image-17024\" src=\"https:\/\/ryanhomepro.com\/wp-content\/uploads\/2024\/08\/4-300x300.jpg\" alt=\"\" width=\"750\" height=\"750\" srcset=\"https:\/\/ryanhomepro.com\/wp-content\/uploads\/2024\/08\/4-300x300.jpg 300w, https:\/\/ryanhomepro.com\/wp-content\/uploads\/2024\/08\/4-150x150.jpg 150w, https:\/\/ryanhomepro.com\/wp-content\/uploads\/2024\/08\/4-768x768.jpg 768w, https:\/\/ryanhomepro.com\/wp-content\/uploads\/2024\/08\/4-12x12.jpg 12w, https:\/\/ryanhomepro.com\/wp-content\/uploads\/2024\/08\/4-430x430.jpg 430w, https:\/\/ryanhomepro.com\/wp-content\/uploads\/2024\/08\/4-700x700.jpg 700w, https:\/\/ryanhomepro.com\/wp-content\/uploads\/2024\/08\/4.jpg 800w\" sizes=\"(max-width: 750px) 100vw, 750px\" \/> <img loading=\"lazy\" decoding=\"async\" class=\"alignnone wp-image-17021\" src=\"https:\/\/ryanhomepro.com\/wp-content\/uploads\/2024\/08\/1.jpg\" alt=\"\" width=\"750\" height=\"750\" srcset=\"https:\/\/ryanhomepro.com\/wp-content\/uploads\/2024\/08\/1.jpg 800w, https:\/\/ryanhomepro.com\/wp-content\/uploads\/2024\/08\/1-300x300.jpg 300w, https:\/\/ryanhomepro.com\/wp-content\/uploads\/2024\/08\/1-150x150.jpg 150w, https:\/\/ryanhomepro.com\/wp-content\/uploads\/2024\/08\/1-768x768.jpg 768w, https:\/\/ryanhomepro.com\/wp-content\/uploads\/2024\/08\/1-12x12.jpg 12w, https:\/\/ryanhomepro.com\/wp-content\/uploads\/2024\/08\/1-430x430.jpg 430w, https:\/\/ryanhomepro.com\/wp-content\/uploads\/2024\/08\/1-700x700.jpg 700w\" sizes=\"(max-width: 750px) 100vw, 750px\" \/><\/p>","protected":false},"excerpt":{"rendered":"<div data-v-4bf0ee25=\"\">\n<h4>Toimitusaika 7-15 p\u00e4iv\u00e4\u00e4<\/h4>\n<\/div>\n<h4>US$ 65.9.9 - 67.8 \/ 1 kappaletta<\/h4>\n<h4>1 kpl Minimitilaus<\/h4>\n<h4>M\u00e4\u00e4r\u00e4 FOB-hinta<\/h4>\n<h4>1000-2999 kappaletta US$ 67.8<\/h4>\n<h4>3000-4999 kappaletta US$ 67.1<\/h4>\n<h4>5000-9999 kappaletta US$ 66.5<\/h4>\n<h4>\u226510000 kappaletta US$ 65.9<\/h4>","protected":false},"featured_media":17022,"comment_status":"open","ping_status":"closed","template":"","meta":[],"product_brand":[],"product_cat":[100],"product_tag":[],"class_list":{"0":"post-1492","1":"product","2":"type-product","3":"status-publish","4":"has-post-thumbnail","6":"product_cat-coffee-machine","8":"first","9":"instock","10":"shipping-taxable","11":"product-type-simple"},"_links":{"self":[{"href":"https:\/\/ryanhomepro.com\/fi\/wp-json\/wp\/v2\/product\/1492"}],"collection":[{"href":"https:\/\/ryanhomepro.com\/fi\/wp-json\/wp\/v2\/product"}],"about":[{"href":"https:\/\/ryanhomepro.com\/fi\/wp-json\/wp\/v2\/types\/product"}],"replies":[{"embeddable":true,"href":"https:\/\/ryanhomepro.com\/fi\/wp-json\/wp\/v2\/comments?post=1492"}],"version-history":[{"count":2,"href":"https:\/\/ryanhomepro.com\/fi\/wp-json\/wp\/v2\/product\/1492\/revisions"}],"predecessor-version":[{"id":17027,"href":"https:\/\/ryanhomepro.com\/fi\/wp-json\/wp\/v2\/product\/1492\/revisions\/17027"}],"wp:featuredmedia":[{"embeddable":true,"href":"https:\/\/ryanhomepro.com\/fi\/wp-json\/wp\/v2\/media\/17022"}],"wp:attachment":[{"href":"https:\/\/ryanhomepro.com\/fi\/wp-json\/wp\/v2\/media?parent=1492"}],"wp:term":[{"taxonomy":"product_brand","embeddable":true,"href":"https:\/\/ryanhomepro.com\/fi\/wp-json\/wp\/v2\/product_brand?post=1492"},{"taxonomy":"product_cat","embeddable":true,"href":"https:\/\/ryanhomepro.com\/fi\/wp-json\/wp\/v2\/product_cat?post=1492"},{"taxonomy":"product_tag","embeddable":true,"href":"https:\/\/ryanhomepro.com\/fi\/wp-json\/wp\/v2\/product_tag?post=1492"}],"curies":[{"name":"wp","href":"https:\/\/api.w.org\/{rel}","templated":true}]}}