{"id":1504,"date":"2024-08-26T07:27:50","date_gmt":"2024-08-26T07:27:50","guid":{"rendered":"https:\/\/ryanhomepro.com\/?post_type=product&#038;p=1504"},"modified":"2024-11-05T12:55:16","modified_gmt":"2024-11-05T12:55:16","slug":"household-fully-automatic-intelligence-bread-maker-multifunction-bread-making-machine","status":"publish","type":"product","link":"https:\/\/ryanhomepro.com\/da\/vare\/household-fully-automatic-intelligence-bread-maker-multifunction-bread-making-machine\/","title":{"rendered":"Husholdning Fuldautomatisk intelligens br\u00f8dmaskine multifunktionel br\u00f8dmaskine"},"content":{"rendered":"<h2>Hvorfor v\u00e6lge en br\u00f8dmaskine?<\/h2>\n<p>Hvis du elsker duften af friskbagt br\u00f8d i dit hjem, er en br\u00f8dmaskine en fantastisk tilf\u00f8jelse til dit k\u00f8kken! Disse alsidige maskiner giver dig mulighed for at nyde hjemmelavet br\u00f8d med minimal indsats. Ikke noget med at \u00e6lte eller g\u00e6tte p\u00e5 den rigtige temperatur; bare tils\u00e6t dine ingredienser, og lad magien ske.<\/p>\n<h2>Funktioner, der g\u00f8r det nemt at bage<\/h2>\n<p>Moderne br\u00f8dmaskiner er sp\u00e6kket med funktioner som programmerbare indstillinger, flere skorpeindstillinger og endda glutenfri programmer. Uanset om du foretr\u00e6kker klassisk hvidt br\u00f8d eller fuldkornsbr\u00f8d, er der en indstilling til alle. Nyd tilfredsstillelsen ved at skabe l\u00e6kre br\u00f8d, der er skr\u00e6ddersyet til din smag.<\/p>\n<h2>Perfekt til alle!<\/h2>\n<p>Uanset om du er nybegynder eller garvet professionel, kan br\u00f8dbagere l\u00f8fte dit bagegame. De tilbyder en nem og problemfri m\u00e5de at nyde dine yndlingsbr\u00f8dtyper p\u00e5. Omfavn gl\u00e6den ved hjemmebag, og fork\u00e6l dig selv med varmt, l\u00e6kkert br\u00f8d, der er lavet pr\u00e6cis, som du kan lide det!<\/p>\n<p><img fetchpriority=\"high\" decoding=\"async\" class=\"alignnone wp-image-17039\" src=\"https:\/\/ryanhomepro.com\/wp-content\/uploads\/2024\/08\/\u4e3b\u56fe_2-1-300x300.jpg\" alt=\"\" width=\"750\" height=\"750\" srcset=\"https:\/\/ryanhomepro.com\/wp-content\/uploads\/2024\/08\/\u4e3b\u56fe_2-1-300x300.jpg 300w, https:\/\/ryanhomepro.com\/wp-content\/uploads\/2024\/08\/\u4e3b\u56fe_2-1-150x150.jpg 150w, https:\/\/ryanhomepro.com\/wp-content\/uploads\/2024\/08\/\u4e3b\u56fe_2-1-768x768.jpg 768w, https:\/\/ryanhomepro.com\/wp-content\/uploads\/2024\/08\/\u4e3b\u56fe_2-1-12x12.jpg 12w, https:\/\/ryanhomepro.com\/wp-content\/uploads\/2024\/08\/\u4e3b\u56fe_2-1-430x430.jpg 430w, https:\/\/ryanhomepro.com\/wp-content\/uploads\/2024\/08\/\u4e3b\u56fe_2-1-700x700.jpg 700w, https:\/\/ryanhomepro.com\/wp-content\/uploads\/2024\/08\/\u4e3b\u56fe_2-1.jpg 800w\" sizes=\"(max-width: 750px) 100vw, 750px\" \/> <img decoding=\"async\" class=\"alignnone wp-image-17040\" src=\"https:\/\/ryanhomepro.com\/wp-content\/uploads\/2024\/08\/\u4e3b\u56fe_3-1-300x300.jpg\" alt=\"\" width=\"750\" height=\"750\" srcset=\"https:\/\/ryanhomepro.com\/wp-content\/uploads\/2024\/08\/\u4e3b\u56fe_3-1-300x300.jpg 300w, https:\/\/ryanhomepro.com\/wp-content\/uploads\/2024\/08\/\u4e3b\u56fe_3-1-150x150.jpg 150w, https:\/\/ryanhomepro.com\/wp-content\/uploads\/2024\/08\/\u4e3b\u56fe_3-1-768x768.jpg 768w, https:\/\/ryanhomepro.com\/wp-content\/uploads\/2024\/08\/\u4e3b\u56fe_3-1-12x12.jpg 12w, https:\/\/ryanhomepro.com\/wp-content\/uploads\/2024\/08\/\u4e3b\u56fe_3-1-430x430.jpg 430w, https:\/\/ryanhomepro.com\/wp-content\/uploads\/2024\/08\/\u4e3b\u56fe_3-1-700x700.jpg 700w, https:\/\/ryanhomepro.com\/wp-content\/uploads\/2024\/08\/\u4e3b\u56fe_3-1.jpg 800w\" sizes=\"(max-width: 750px) 100vw, 750px\" \/> <img decoding=\"async\" class=\"alignnone wp-image-17041\" src=\"https:\/\/ryanhomepro.com\/wp-content\/uploads\/2024\/08\/\u4e3b\u56fe_4-1-300x300.jpg\" alt=\"\" width=\"750\" height=\"750\" srcset=\"https:\/\/ryanhomepro.com\/wp-content\/uploads\/2024\/08\/\u4e3b\u56fe_4-1-300x300.jpg 300w, https:\/\/ryanhomepro.com\/wp-content\/uploads\/2024\/08\/\u4e3b\u56fe_4-1-150x150.jpg 150w, https:\/\/ryanhomepro.com\/wp-content\/uploads\/2024\/08\/\u4e3b\u56fe_4-1-768x768.jpg 768w, https:\/\/ryanhomepro.com\/wp-content\/uploads\/2024\/08\/\u4e3b\u56fe_4-1-12x12.jpg 12w, https:\/\/ryanhomepro.com\/wp-content\/uploads\/2024\/08\/\u4e3b\u56fe_4-1-430x430.jpg 430w, https:\/\/ryanhomepro.com\/wp-content\/uploads\/2024\/08\/\u4e3b\u56fe_4-1-700x700.jpg 700w, https:\/\/ryanhomepro.com\/wp-content\/uploads\/2024\/08\/\u4e3b\u56fe_4-1.jpg 800w\" sizes=\"(max-width: 750px) 100vw, 750px\" \/> <img loading=\"lazy\" decoding=\"async\" class=\"alignnone wp-image-17042\" src=\"https:\/\/ryanhomepro.com\/wp-content\/uploads\/2024\/08\/\u4e3b\u56fe_5-1-300x300.jpg\" alt=\"\" width=\"750\" height=\"750\" srcset=\"https:\/\/ryanhomepro.com\/wp-content\/uploads\/2024\/08\/\u4e3b\u56fe_5-1-300x300.jpg 300w, https:\/\/ryanhomepro.com\/wp-content\/uploads\/2024\/08\/\u4e3b\u56fe_5-1-150x150.jpg 150w, https:\/\/ryanhomepro.com\/wp-content\/uploads\/2024\/08\/\u4e3b\u56fe_5-1-768x768.jpg 768w, https:\/\/ryanhomepro.com\/wp-content\/uploads\/2024\/08\/\u4e3b\u56fe_5-1-12x12.jpg 12w, https:\/\/ryanhomepro.com\/wp-content\/uploads\/2024\/08\/\u4e3b\u56fe_5-1-430x430.jpg 430w, https:\/\/ryanhomepro.com\/wp-content\/uploads\/2024\/08\/\u4e3b\u56fe_5-1-700x700.jpg 700w, https:\/\/ryanhomepro.com\/wp-content\/uploads\/2024\/08\/\u4e3b\u56fe_5-1.jpg 800w\" sizes=\"(max-width: 750px) 100vw, 750px\" \/> <img loading=\"lazy\" decoding=\"async\" class=\"alignnone wp-image-17043\" src=\"https:\/\/ryanhomepro.com\/wp-content\/uploads\/2024\/08\/\u4e3b\u56fe_6-1-300x300.jpg\" alt=\"\" width=\"750\" height=\"750\" srcset=\"https:\/\/ryanhomepro.com\/wp-content\/uploads\/2024\/08\/\u4e3b\u56fe_6-1-300x300.jpg 300w, https:\/\/ryanhomepro.com\/wp-content\/uploads\/2024\/08\/\u4e3b\u56fe_6-1-150x150.jpg 150w, https:\/\/ryanhomepro.com\/wp-content\/uploads\/2024\/08\/\u4e3b\u56fe_6-1-768x768.jpg 768w, https:\/\/ryanhomepro.com\/wp-content\/uploads\/2024\/08\/\u4e3b\u56fe_6-1-12x12.jpg 12w, https:\/\/ryanhomepro.com\/wp-content\/uploads\/2024\/08\/\u4e3b\u56fe_6-1-430x430.jpg 430w, https:\/\/ryanhomepro.com\/wp-content\/uploads\/2024\/08\/\u4e3b\u56fe_6-1-700x700.jpg 700w, https:\/\/ryanhomepro.com\/wp-content\/uploads\/2024\/08\/\u4e3b\u56fe_6-1.jpg 800w\" sizes=\"(max-width: 750px) 100vw, 750px\" \/><\/p>\n<p>&nbsp;<\/p>","protected":false},"excerpt":{"rendered":"<div data-v-4bf0ee25=\"\">\n<h4>Leveringstid 7-15 dage<\/h4>\n<\/div>\n<h4>US$ 65.9.9 - 67.8 \/ 1 stk.<\/h4>\n<h4>1 stk Minimumsordre<\/h4>\n<h4>M\u00e6ngde FOB-pris<\/h4>\n<h4>1000-2999 stykker US$ 67,8<\/h4>\n<h4>3000-4999 stykker US$ 67.1<\/h4>\n<h4>5000-9999 stykker US$ 66,5<\/h4>\n<h4>\u226510000 stykker US$ 65.9<\/h4>","protected":false},"featured_media":17038,"comment_status":"open","ping_status":"closed","template":"","meta":[],"product_brand":[],"product_cat":[125,126],"product_tag":[],"class_list":{"0":"post-1504","1":"product","2":"type-product","3":"status-publish","4":"has-post-thumbnail","6":"product_cat-bread-makers","7":"product_cat-stainless-steel-style","9":"first","10":"instock","11":"shipping-taxable","12":"product-type-simple"},"_links":{"self":[{"href":"https:\/\/ryanhomepro.com\/da\/wp-json\/wp\/v2\/product\/1504"}],"collection":[{"href":"https:\/\/ryanhomepro.com\/da\/wp-json\/wp\/v2\/product"}],"about":[{"href":"https:\/\/ryanhomepro.com\/da\/wp-json\/wp\/v2\/types\/product"}],"replies":[{"embeddable":true,"href":"https:\/\/ryanhomepro.com\/da\/wp-json\/wp\/v2\/comments?post=1504"}],"version-history":[{"count":3,"href":"https:\/\/ryanhomepro.com\/da\/wp-json\/wp\/v2\/product\/1504\/revisions"}],"predecessor-version":[{"id":17044,"href":"https:\/\/ryanhomepro.com\/da\/wp-json\/wp\/v2\/product\/1504\/revisions\/17044"}],"wp:featuredmedia":[{"embeddable":true,"href":"https:\/\/ryanhomepro.com\/da\/wp-json\/wp\/v2\/media\/17038"}],"wp:attachment":[{"href":"https:\/\/ryanhomepro.com\/da\/wp-json\/wp\/v2\/media?parent=1504"}],"wp:term":[{"taxonomy":"product_brand","embeddable":true,"href":"https:\/\/ryanhomepro.com\/da\/wp-json\/wp\/v2\/product_brand?post=1504"},{"taxonomy":"product_cat","embeddable":true,"href":"https:\/\/ryanhomepro.com\/da\/wp-json\/wp\/v2\/product_cat?post=1504"},{"taxonomy":"product_tag","embeddable":true,"href":"https:\/\/ryanhomepro.com\/da\/wp-json\/wp\/v2\/product_tag?post=1504"}],"curies":[{"name":"wp","href":"https:\/\/api.w.org\/{rel}","templated":true}]}}