{"id":17012,"date":"2024-11-04T23:17:53","date_gmt":"2024-11-04T23:17:53","guid":{"rendered":"https:\/\/ryanhomepro.com\/?post_type=product&#038;p=17012"},"modified":"2025-11-04T22:52:00","modified_gmt":"2025-11-04T22:52:00","slug":"hot-selling-commercial-fully-automatic-bean-to-cup-home-cappuccino-espresso-coffee-machine-for-business","status":"publish","type":"product","link":"https:\/\/ryanhomepro.com\/cs\/produkt\/hot-selling-commercial-fully-automatic-bean-to-cup-home-cappuccino-espresso-coffee-machine-for-business\/","title":{"rendered":"Hot prodej komer\u010dn\u00ed pln\u011b automatick\u00fd k\u00e1vovar na dom\u00e1c\u00ed cappuccino espresso pro podnik\u00e1n\u00ed"},"content":{"rendered":"<h4 style=\"text-align: left;\"><del><span class=\"content mubu-node\">Overv<\/span>iew<\/del><\/h4>\n<h4 style=\"text-align: left;\"><strong><span class=\"content mubu-node\">Specification<\/span><\/strong><\/h4>\n<h4 style=\"text-align: left;\"><strong><span class=\"content mubu-node\">Material: ABS\/304 Stainless steel<\/span><\/strong><\/h4>\n<h4 style=\"text-align: left;\"><strong><span class=\"content mubu-node\">Features: Coffee Maker<\/span><\/strong><\/h4>\n<h4 style=\"text-align: left;\"><strong><span class=\"content mubu-node\">Product Size: L236 * W160 *H352mm<\/span><\/strong><\/h4>\n<h4 style=\"text-align: left;\"><strong><span class=\"content mubu-node\">Place of Origin: CHINA<\/span><\/strong><\/h4>\n<h4 style=\"text-align: left;\"><strong><span class=\"content mubu-node\">Model Number: KC301<\/span><\/strong><\/h4>\n<h4 style=\"text-align: left;\"><strong><span class=\"content mubu-node\">Power (W): 1000w<\/span><\/strong><\/h4>\n<h4 style=\"text-align: left;\"><strong><span class=\"content mubu-node\">Voltage (V): 120V\/220V<\/span><\/strong><\/h4>\n<h4 style=\"text-align: left;\"><strong><span class=\"content mubu-node\">Net weight: 1.2kg<\/span><\/strong><\/h4>\n<h4 style=\"text-align: left;\"><strong><span class=\"content mubu-node\">Packing and Delivery<\/span><\/strong><\/h4>\n<h4 style=\"text-align: left;\"><strong><span class=\"content mubu-node\">Color Box(cm): L258 *W168 *H362mm<\/span><\/strong><\/h4>\n<h4 style=\"text-align: left;\"><strong><span class=\"content mubu-node\">Qty\/ctn: 4 pcs<\/span><\/strong><\/h4>\n<h4 style=\"text-align: left;\"><strong><span class=\"content mubu-node\">Ctn Size(cm): L530 *W350 *H374mm<\/span><\/strong><\/h4>\n<h4 style=\"text-align: left;\"><strong><span class=\"content mubu-node\">G.W.per ctn(kgs): 9.2kg<\/span><\/strong><\/h4>\n<h4 style=\"text-align: left;\"><strong><span class=\"content mubu-node\">N.W.per ctn(kgs): 8kg<\/span><\/strong><\/h4>\n<h4 style=\"text-align: left;\"><strong><span class=\"content mubu-node\">Packing in containers: 20&#8217;GP:1440pcs;40&#8217;GP:3170pcs;40&#8217;HQ:3740pcs\u00a0 <\/span><span class=\"content mubu-node\">\u00a0<\/span><\/strong><\/h4>\n<h4 style=\"text-align: left;\"><span class=\"content mubu-node\"><img fetchpriority=\"high\" decoding=\"async\" class=\"alignnone wp-image-17018\" src=\"https:\/\/ryanhomepro.com\/wp-content\/uploads\/2024\/11\/6-2-300x300.jpg\" alt=\"\" width=\"750\" height=\"750\" srcset=\"https:\/\/ryanhomepro.com\/wp-content\/uploads\/2024\/11\/6-2-300x300.jpg 300w, https:\/\/ryanhomepro.com\/wp-content\/uploads\/2024\/11\/6-2-150x150.jpg 150w, https:\/\/ryanhomepro.com\/wp-content\/uploads\/2024\/11\/6-2-768x768.jpg 768w, https:\/\/ryanhomepro.com\/wp-content\/uploads\/2024\/11\/6-2-12x12.jpg 12w, https:\/\/ryanhomepro.com\/wp-content\/uploads\/2024\/11\/6-2-430x430.jpg 430w, https:\/\/ryanhomepro.com\/wp-content\/uploads\/2024\/11\/6-2-700x700.jpg 700w, https:\/\/ryanhomepro.com\/wp-content\/uploads\/2024\/11\/6-2.jpg 800w\" sizes=\"(max-width: 750px) 100vw, 750px\" \/> <img decoding=\"async\" class=\"alignnone wp-image-17017\" src=\"https:\/\/ryanhomepro.com\/wp-content\/uploads\/2024\/11\/5-4-300x300.jpg\" alt=\"\" width=\"750\" height=\"750\" srcset=\"https:\/\/ryanhomepro.com\/wp-content\/uploads\/2024\/11\/5-4-300x300.jpg 300w, https:\/\/ryanhomepro.com\/wp-content\/uploads\/2024\/11\/5-4-150x150.jpg 150w, https:\/\/ryanhomepro.com\/wp-content\/uploads\/2024\/11\/5-4-768x768.jpg 768w, https:\/\/ryanhomepro.com\/wp-content\/uploads\/2024\/11\/5-4-12x12.jpg 12w, https:\/\/ryanhomepro.com\/wp-content\/uploads\/2024\/11\/5-4-430x430.jpg 430w, https:\/\/ryanhomepro.com\/wp-content\/uploads\/2024\/11\/5-4-700x700.jpg 700w, https:\/\/ryanhomepro.com\/wp-content\/uploads\/2024\/11\/5-4.jpg 800w\" sizes=\"(max-width: 750px) 100vw, 750px\" \/> <img decoding=\"async\" class=\"alignnone wp-image-17014\" src=\"https:\/\/ryanhomepro.com\/wp-content\/uploads\/2024\/11\/2-8-300x300.jpg\" alt=\"\" width=\"750\" height=\"750\" srcset=\"https:\/\/ryanhomepro.com\/wp-content\/uploads\/2024\/11\/2-8-300x300.jpg 300w, https:\/\/ryanhomepro.com\/wp-content\/uploads\/2024\/11\/2-8-150x150.jpg 150w, https:\/\/ryanhomepro.com\/wp-content\/uploads\/2024\/11\/2-8-768x768.jpg 768w, https:\/\/ryanhomepro.com\/wp-content\/uploads\/2024\/11\/2-8-12x12.jpg 12w, https:\/\/ryanhomepro.com\/wp-content\/uploads\/2024\/11\/2-8-430x430.jpg 430w, https:\/\/ryanhomepro.com\/wp-content\/uploads\/2024\/11\/2-8-700x700.jpg 700w, https:\/\/ryanhomepro.com\/wp-content\/uploads\/2024\/11\/2-8.jpg 800w\" sizes=\"(max-width: 750px) 100vw, 750px\" \/> <img loading=\"lazy\" decoding=\"async\" class=\"alignnone wp-image-17016\" src=\"https:\/\/ryanhomepro.com\/wp-content\/uploads\/2024\/11\/4-8-300x300.jpg\" alt=\"\" width=\"750\" height=\"750\" srcset=\"https:\/\/ryanhomepro.com\/wp-content\/uploads\/2024\/11\/4-8-300x300.jpg 300w, https:\/\/ryanhomepro.com\/wp-content\/uploads\/2024\/11\/4-8-150x150.jpg 150w, https:\/\/ryanhomepro.com\/wp-content\/uploads\/2024\/11\/4-8-768x768.jpg 768w, https:\/\/ryanhomepro.com\/wp-content\/uploads\/2024\/11\/4-8-12x12.jpg 12w, https:\/\/ryanhomepro.com\/wp-content\/uploads\/2024\/11\/4-8-430x430.jpg 430w, https:\/\/ryanhomepro.com\/wp-content\/uploads\/2024\/11\/4-8-700x700.jpg 700w, https:\/\/ryanhomepro.com\/wp-content\/uploads\/2024\/11\/4-8.jpg 800w\" sizes=\"(max-width: 750px) 100vw, 750px\" \/> \u00a0<\/span><\/h4>\n<p>&nbsp;<\/p>","protected":false},"excerpt":{"rendered":"<div data-v-4bf0ee25=\"\">\n<h4><span style=\"color: #0000ff;\">Doba dod\u00e1n\u00ed 7-15 dn\u00ed<\/span><\/h4>\n<\/div>\n<h4><span style=\"color: #0000ff;\">US$ 65.9.9 - 67.8 \/ 1 kus<\/span><\/h4>\n<h4><span style=\"color: #0000ff;\">1 kus Minim\u00e1ln\u00ed objedn\u00e1vka<\/span><\/h4>\n<h4><span style=\"color: #0000ff;\">Mno\u017estv\u00ed Cena FOB<\/span><\/h4>\n<h4><span style=\"color: #0000ff;\">1000-2999 kus\u016f US$ 67.8<\/span><\/h4>\n<h4><span style=\"color: #0000ff;\">3000-4999 kus\u016f US$ 67.1<\/span><\/h4>\n<h4><span style=\"color: #0000ff;\">5000-9999 kus\u016f US$ 66,5<\/span><\/h4>\n<h4><span style=\"color: #0000ff;\">\u226510000 kus\u016f US$ 65.9<\/span><\/h4>","protected":false},"featured_media":17018,"comment_status":"open","ping_status":"closed","template":"","meta":[],"product_brand":[],"product_cat":[100,106],"product_tag":[],"class_list":{"0":"post-17012","1":"product","2":"type-product","3":"status-publish","4":"has-post-thumbnail","6":"product_cat-coffee-machine","7":"product_cat-commercial-coffee-maker","9":"first","10":"instock","11":"shipping-taxable","12":"product-type-simple"},"_links":{"self":[{"href":"https:\/\/ryanhomepro.com\/cs\/wp-json\/wp\/v2\/product\/17012"}],"collection":[{"href":"https:\/\/ryanhomepro.com\/cs\/wp-json\/wp\/v2\/product"}],"about":[{"href":"https:\/\/ryanhomepro.com\/cs\/wp-json\/wp\/v2\/types\/product"}],"replies":[{"embeddable":true,"href":"https:\/\/ryanhomepro.com\/cs\/wp-json\/wp\/v2\/comments?post=17012"}],"version-history":[{"count":3,"href":"https:\/\/ryanhomepro.com\/cs\/wp-json\/wp\/v2\/product\/17012\/revisions"}],"predecessor-version":[{"id":18357,"href":"https:\/\/ryanhomepro.com\/cs\/wp-json\/wp\/v2\/product\/17012\/revisions\/18357"}],"wp:featuredmedia":[{"embeddable":true,"href":"https:\/\/ryanhomepro.com\/cs\/wp-json\/wp\/v2\/media\/17018"}],"wp:attachment":[{"href":"https:\/\/ryanhomepro.com\/cs\/wp-json\/wp\/v2\/media?parent=17012"}],"wp:term":[{"taxonomy":"product_brand","embeddable":true,"href":"https:\/\/ryanhomepro.com\/cs\/wp-json\/wp\/v2\/product_brand?post=17012"},{"taxonomy":"product_cat","embeddable":true,"href":"https:\/\/ryanhomepro.com\/cs\/wp-json\/wp\/v2\/product_cat?post=17012"},{"taxonomy":"product_tag","embeddable":true,"href":"https:\/\/ryanhomepro.com\/cs\/wp-json\/wp\/v2\/product_tag?post=17012"}],"curies":[{"name":"wp","href":"https:\/\/api.w.org\/{rel}","templated":true}]}}