{"id":1504,"date":"2024-08-26T07:27:50","date_gmt":"2024-08-26T07:27:50","guid":{"rendered":"https:\/\/ryanhomepro.com\/?post_type=product&#038;p=1504"},"modified":"2024-11-05T12:55:16","modified_gmt":"2024-11-05T12:55:16","slug":"household-fully-automatic-intelligence-bread-maker-multifunction-bread-making-machine","status":"publish","type":"product","link":"https:\/\/ryanhomepro.com\/cs\/produkt\/household-fully-automatic-intelligence-bread-maker-multifunction-bread-making-machine\/","title":{"rendered":"Dom\u00e1cnost Pln\u011b automatick\u00fd inteligentn\u00ed v\u00fdrobce chleba multifunk\u010dn\u00ed stroj na v\u00fdrobu chleba"},"content":{"rendered":"<h2>Pro\u010d si vybrat pek\u00e1rnu chleba?<\/h2>\n<p>Pokud milujete v\u016fni \u010derstv\u011b upe\u010den\u00e9ho chleba, kter\u00e1 se line va\u0161\u00edm domovem, je pek\u00e1rna chleba fantastick\u00fdm dopl\u0148kem va\u0161\u00ed kuchyn\u011b! Tyto v\u0161estrann\u00e9 stroje v\u00e1m umo\u017en\u00ed vychutnat si dom\u00e1c\u00ed chl\u00e9b s minim\u00e1ln\u00edm \u00fasil\u00edm. U\u017e \u017e\u00e1dn\u00e9 hn\u011bten\u00ed nebo odhadov\u00e1n\u00ed spr\u00e1vn\u00e9 teploty; sta\u010d\u00ed p\u0159idat ingredience a nechat kouzlo p\u016fsobit.<\/p>\n<h2>Funkce, kter\u00e9 usnad\u0148uj\u00ed pe\u010den\u00ed<\/h2>\n<p>Modern\u00ed pek\u00e1rny chleba jsou vybaveny funkcemi, jako jsou programovateln\u00e1 nastaven\u00ed, r\u016fzn\u00e9 mo\u017enosti k\u016frky a dokonce i bezlepkov\u00e9 programy. A\u0165 u\u017e d\u00e1v\u00e1te p\u0159ednost klasick\u00e9mu b\u00edl\u00e9mu nebo celozrnn\u00e9mu chlebu, pro ka\u017ed\u00e9ho se najde vhodn\u00e9 nastaven\u00ed. Vychutnejte si uspokojen\u00ed z tvorby lahodn\u00fdch bochn\u00edk\u016f p\u0159izp\u016fsoben\u00fdch va\u0161\u00ed chuti.<\/p>\n<h2>Ide\u00e1ln\u00ed pro ka\u017ed\u00e9ho!<\/h2>\n<p>A\u0165 u\u017e jste za\u010d\u00ednaj\u00edc\u00ed peka\u0159, nebo zku\u0161en\u00fd profesion\u00e1l, pek\u00e1rny chleba v\u00e1m pomohou zlep\u0161it pe\u010den\u00ed. Nab\u00edzej\u00ed snadn\u00fd a bezprobl\u00e9mov\u00fd zp\u016fsob, jak si vychutnat sv\u00e9 obl\u00edben\u00e9 druhy chleba. P\u0159ijm\u011bte radost z dom\u00e1c\u00edho pe\u010den\u00ed a dop\u0159ejte si tepl\u00fd a lahodn\u00fd chl\u00e9b p\u0159esn\u011b podle sv\u00fdch p\u0159edstav!<\/p>\n<p><img fetchpriority=\"high\" decoding=\"async\" class=\"alignnone wp-image-17039\" src=\"https:\/\/ryanhomepro.com\/wp-content\/uploads\/2024\/08\/\u4e3b\u56fe_2-1-300x300.jpg\" alt=\"\" width=\"750\" height=\"750\" srcset=\"https:\/\/ryanhomepro.com\/wp-content\/uploads\/2024\/08\/\u4e3b\u56fe_2-1-300x300.jpg 300w, https:\/\/ryanhomepro.com\/wp-content\/uploads\/2024\/08\/\u4e3b\u56fe_2-1-150x150.jpg 150w, https:\/\/ryanhomepro.com\/wp-content\/uploads\/2024\/08\/\u4e3b\u56fe_2-1-768x768.jpg 768w, https:\/\/ryanhomepro.com\/wp-content\/uploads\/2024\/08\/\u4e3b\u56fe_2-1-12x12.jpg 12w, https:\/\/ryanhomepro.com\/wp-content\/uploads\/2024\/08\/\u4e3b\u56fe_2-1-430x430.jpg 430w, https:\/\/ryanhomepro.com\/wp-content\/uploads\/2024\/08\/\u4e3b\u56fe_2-1-700x700.jpg 700w, https:\/\/ryanhomepro.com\/wp-content\/uploads\/2024\/08\/\u4e3b\u56fe_2-1.jpg 800w\" sizes=\"(max-width: 750px) 100vw, 750px\" \/> <img decoding=\"async\" class=\"alignnone wp-image-17040\" src=\"https:\/\/ryanhomepro.com\/wp-content\/uploads\/2024\/08\/\u4e3b\u56fe_3-1-300x300.jpg\" alt=\"\" width=\"750\" height=\"750\" srcset=\"https:\/\/ryanhomepro.com\/wp-content\/uploads\/2024\/08\/\u4e3b\u56fe_3-1-300x300.jpg 300w, https:\/\/ryanhomepro.com\/wp-content\/uploads\/2024\/08\/\u4e3b\u56fe_3-1-150x150.jpg 150w, https:\/\/ryanhomepro.com\/wp-content\/uploads\/2024\/08\/\u4e3b\u56fe_3-1-768x768.jpg 768w, https:\/\/ryanhomepro.com\/wp-content\/uploads\/2024\/08\/\u4e3b\u56fe_3-1-12x12.jpg 12w, https:\/\/ryanhomepro.com\/wp-content\/uploads\/2024\/08\/\u4e3b\u56fe_3-1-430x430.jpg 430w, https:\/\/ryanhomepro.com\/wp-content\/uploads\/2024\/08\/\u4e3b\u56fe_3-1-700x700.jpg 700w, https:\/\/ryanhomepro.com\/wp-content\/uploads\/2024\/08\/\u4e3b\u56fe_3-1.jpg 800w\" sizes=\"(max-width: 750px) 100vw, 750px\" \/> <img decoding=\"async\" class=\"alignnone wp-image-17041\" src=\"https:\/\/ryanhomepro.com\/wp-content\/uploads\/2024\/08\/\u4e3b\u56fe_4-1-300x300.jpg\" alt=\"\" width=\"750\" height=\"750\" srcset=\"https:\/\/ryanhomepro.com\/wp-content\/uploads\/2024\/08\/\u4e3b\u56fe_4-1-300x300.jpg 300w, https:\/\/ryanhomepro.com\/wp-content\/uploads\/2024\/08\/\u4e3b\u56fe_4-1-150x150.jpg 150w, https:\/\/ryanhomepro.com\/wp-content\/uploads\/2024\/08\/\u4e3b\u56fe_4-1-768x768.jpg 768w, https:\/\/ryanhomepro.com\/wp-content\/uploads\/2024\/08\/\u4e3b\u56fe_4-1-12x12.jpg 12w, https:\/\/ryanhomepro.com\/wp-content\/uploads\/2024\/08\/\u4e3b\u56fe_4-1-430x430.jpg 430w, https:\/\/ryanhomepro.com\/wp-content\/uploads\/2024\/08\/\u4e3b\u56fe_4-1-700x700.jpg 700w, https:\/\/ryanhomepro.com\/wp-content\/uploads\/2024\/08\/\u4e3b\u56fe_4-1.jpg 800w\" sizes=\"(max-width: 750px) 100vw, 750px\" \/> <img loading=\"lazy\" decoding=\"async\" class=\"alignnone wp-image-17042\" src=\"https:\/\/ryanhomepro.com\/wp-content\/uploads\/2024\/08\/\u4e3b\u56fe_5-1-300x300.jpg\" alt=\"\" width=\"750\" height=\"750\" srcset=\"https:\/\/ryanhomepro.com\/wp-content\/uploads\/2024\/08\/\u4e3b\u56fe_5-1-300x300.jpg 300w, https:\/\/ryanhomepro.com\/wp-content\/uploads\/2024\/08\/\u4e3b\u56fe_5-1-150x150.jpg 150w, https:\/\/ryanhomepro.com\/wp-content\/uploads\/2024\/08\/\u4e3b\u56fe_5-1-768x768.jpg 768w, https:\/\/ryanhomepro.com\/wp-content\/uploads\/2024\/08\/\u4e3b\u56fe_5-1-12x12.jpg 12w, https:\/\/ryanhomepro.com\/wp-content\/uploads\/2024\/08\/\u4e3b\u56fe_5-1-430x430.jpg 430w, https:\/\/ryanhomepro.com\/wp-content\/uploads\/2024\/08\/\u4e3b\u56fe_5-1-700x700.jpg 700w, https:\/\/ryanhomepro.com\/wp-content\/uploads\/2024\/08\/\u4e3b\u56fe_5-1.jpg 800w\" sizes=\"(max-width: 750px) 100vw, 750px\" \/> <img loading=\"lazy\" decoding=\"async\" class=\"alignnone wp-image-17043\" src=\"https:\/\/ryanhomepro.com\/wp-content\/uploads\/2024\/08\/\u4e3b\u56fe_6-1-300x300.jpg\" alt=\"\" width=\"750\" height=\"750\" srcset=\"https:\/\/ryanhomepro.com\/wp-content\/uploads\/2024\/08\/\u4e3b\u56fe_6-1-300x300.jpg 300w, https:\/\/ryanhomepro.com\/wp-content\/uploads\/2024\/08\/\u4e3b\u56fe_6-1-150x150.jpg 150w, https:\/\/ryanhomepro.com\/wp-content\/uploads\/2024\/08\/\u4e3b\u56fe_6-1-768x768.jpg 768w, https:\/\/ryanhomepro.com\/wp-content\/uploads\/2024\/08\/\u4e3b\u56fe_6-1-12x12.jpg 12w, https:\/\/ryanhomepro.com\/wp-content\/uploads\/2024\/08\/\u4e3b\u56fe_6-1-430x430.jpg 430w, https:\/\/ryanhomepro.com\/wp-content\/uploads\/2024\/08\/\u4e3b\u56fe_6-1-700x700.jpg 700w, https:\/\/ryanhomepro.com\/wp-content\/uploads\/2024\/08\/\u4e3b\u56fe_6-1.jpg 800w\" sizes=\"(max-width: 750px) 100vw, 750px\" \/><\/p>\n<p>&nbsp;<\/p>","protected":false},"excerpt":{"rendered":"<div data-v-4bf0ee25=\"\">\n<h4>Doba dod\u00e1n\u00ed 7-15 dn\u00ed<\/h4>\n<\/div>\n<h4>US$ 65.9.9 - 67.8 \/ 1 kus<\/h4>\n<h4>1 kus Minim\u00e1ln\u00ed objedn\u00e1vka<\/h4>\n<h4>Mno\u017estv\u00ed Cena FOB<\/h4>\n<h4>1000-2999 kus\u016f US$ 67.8<\/h4>\n<h4>3000-4999 kus\u016f US$ 67.1<\/h4>\n<h4>5000-9999 kus\u016f US$ 66,5<\/h4>\n<h4>\u226510000 kus\u016f US$ 65.9<\/h4>","protected":false},"featured_media":17038,"comment_status":"open","ping_status":"closed","template":"","meta":[],"product_brand":[],"product_cat":[125,126],"product_tag":[],"class_list":{"0":"post-1504","1":"product","2":"type-product","3":"status-publish","4":"has-post-thumbnail","6":"product_cat-bread-makers","7":"product_cat-stainless-steel-style","9":"first","10":"instock","11":"shipping-taxable","12":"product-type-simple"},"_links":{"self":[{"href":"https:\/\/ryanhomepro.com\/cs\/wp-json\/wp\/v2\/product\/1504"}],"collection":[{"href":"https:\/\/ryanhomepro.com\/cs\/wp-json\/wp\/v2\/product"}],"about":[{"href":"https:\/\/ryanhomepro.com\/cs\/wp-json\/wp\/v2\/types\/product"}],"replies":[{"embeddable":true,"href":"https:\/\/ryanhomepro.com\/cs\/wp-json\/wp\/v2\/comments?post=1504"}],"version-history":[{"count":3,"href":"https:\/\/ryanhomepro.com\/cs\/wp-json\/wp\/v2\/product\/1504\/revisions"}],"predecessor-version":[{"id":17044,"href":"https:\/\/ryanhomepro.com\/cs\/wp-json\/wp\/v2\/product\/1504\/revisions\/17044"}],"wp:featuredmedia":[{"embeddable":true,"href":"https:\/\/ryanhomepro.com\/cs\/wp-json\/wp\/v2\/media\/17038"}],"wp:attachment":[{"href":"https:\/\/ryanhomepro.com\/cs\/wp-json\/wp\/v2\/media?parent=1504"}],"wp:term":[{"taxonomy":"product_brand","embeddable":true,"href":"https:\/\/ryanhomepro.com\/cs\/wp-json\/wp\/v2\/product_brand?post=1504"},{"taxonomy":"product_cat","embeddable":true,"href":"https:\/\/ryanhomepro.com\/cs\/wp-json\/wp\/v2\/product_cat?post=1504"},{"taxonomy":"product_tag","embeddable":true,"href":"https:\/\/ryanhomepro.com\/cs\/wp-json\/wp\/v2\/product_tag?post=1504"}],"curies":[{"name":"wp","href":"https:\/\/api.w.org\/{rel}","templated":true}]}}